{"id":14387,"date":"2023-03-31T10:46:55","date_gmt":"2023-03-31T07:46:55","guid":{"rendered":"http:\/\/valepa.fi\/junnu\/?page_id=14387"},"modified":"2023-04-13T23:00:38","modified_gmt":"2023-04-13T20:00:38","slug":"sm-finaalin-info","status":"publish","type":"page","link":"http:\/\/valepa.fi\/junnu\/sm-finaalin-info\/","title":{"rendered":"SM-finaalin info"},"content":{"rendered":"\n<figure class=\"wp-block-image size-large\"><img decoding=\"async\" loading=\"lazy\" width=\"1024\" height=\"768\" src=\"http:\/\/valepa.fi\/junnu\/wp-content\/uploads\/2022\/12\/Lentopallot_1329-1024x768.jpg\" alt=\"\" class=\"wp-image-13221\" srcset=\"http:\/\/valepa.fi\/junnu\/wp-content\/uploads\/2022\/12\/Lentopallot_1329-1024x768.jpg 1024w, http:\/\/valepa.fi\/junnu\/wp-content\/uploads\/2022\/12\/Lentopallot_1329-300x225.jpg 300w, http:\/\/valepa.fi\/junnu\/wp-content\/uploads\/2022\/12\/Lentopallot_1329-768x576.jpg 768w, http:\/\/valepa.fi\/junnu\/wp-content\/uploads\/2022\/12\/Lentopallot_1329-570x428.jpg 570w, http:\/\/valepa.fi\/junnu\/wp-content\/uploads\/2022\/12\/Lentopallot_1329.jpg 1200w\" sizes=\"(max-width: 1024px) 100vw, 1024px\" \/><\/figure>\n\n\n\n<h2 class=\"wp-block-heading\">Aikataulu<\/h2>\n\n\n\n<p>Joukkueet on sijoitettu nelj\u00e4\u00e4n kolmen joukkueen alkulohkoon v\u00e4lier\u00e4turnauksien tuloksien perusteella. Alkulohkojen voittajat p\u00e4\u00e4sev\u00e4t suoraan pelaamaan puoliv\u00e4lieriin ja lohkojen kakkoset ja kolmoset pelaavat vastakkain nelj\u00e4nnesv\u00e4lieriss\u00e4 p\u00e4\u00e4syst\u00e4 puoliv\u00e4lieriin sijoille 1-8.<\/p>\n\n\n\n<p>Puoliv\u00e4lier\u00e4vaiheessa on mukana viel\u00e4 kahdeksan joukkuetta. Puoliv\u00e4lierien voittajat jatkavat v\u00e4lieriin sijoille 1-4. V\u00e4lierien voittajat jatkavat otteluun sijoista 1 ja 2, h\u00e4vi\u00e4j\u00e4t sijoista 3 ja 4. Kaikki sijoitukset pelataan.<\/p>\n\n\n\n<p>Kaavio on tehty siten, ett\u00e4 saman alkulohkon kaksi parasta joukkuetta eiv\u00e4t voi kohdata toisiaan uudestaan ennen finaaleja. Runkosarjan j\u00e4lkeen pelatun A-v\u00e4- lier\u00e4n kaksi parasta joukkuetta on sijoitettu kaaviossa A- ja B-lohkoon ja eiv\u00e4t t\u00e4ten voi kohdata toisiaan ennen finaaleja.<\/p>\n\n\n\n<p>Katso t\u00e4st\u00e4 otteluohjelma (pdf)<\/p>\n\n\n\n<h2 class=\"wp-block-heading\">Kent\u00e4t<\/h2>\n\n\n\n<p><strong>Vareliuksen koulu <\/strong><br>Kontionkatu 1<br>38200 Sastamala<br>Kristiina Rainio\u00a0 p. 050 3388 625<\/p>\n\n\n\n<p><strong>Sylv\u00e4\u00e4n koulu<\/strong><br>Ojansuunkatu 8<br>38200 Sastamala <br>Yhteyshenkil\u00f6 Leena Iso-Ketola-Ryypp\u00e4 p. 050 5058 252<\/p>\n\n\n\n<p><strong>Vexve Areena <br><\/strong>Ratakatu 5<br>38210 Sastamala<br>Arto Heinisuo 040 0593 115 (lauantai)<br>Pasi Laine 045 6727 447 (sunnuntai)<\/p>\n\n\n\n<h2 class=\"wp-block-heading\">Turnausorganisaatio<\/h2>\n\n\n\n<p>Turnausvastaava Miia L\u00e4hteenm\u00e4ki p. 050 5506 681 junnuvalepa@valepa.fi<\/p>\n\n\n\n<p>Otteluohjelmat Kaisu Polso p. 0400 910 327 <a href=\"mailto:kaisu.polso@lentopalloliitto.fi\">kaisu.polso@lentopalloliitto.fi<\/a><\/p>\n\n\n\n<p>Ruokailu Leena Iso-Ketola-Ryypp\u00e4 p. 050 5058 252 leena.ryyppa@gmail.com&nbsp;<\/p>\n\n\n\n<p>Saliolosuhteet Miia L\u00e4hteenm\u00e4ki p. 050 5506 681 junnuvalepa@valepa.fi<\/p>\n\n\n\n<p>Tuomarit Juhani Lumme Alueen tuomarinime\u00e4j\u00e4<\/p>\n\n\n\n<p>Kirjurit Saara Esko p. 050 5936317<\/p>\n\n\n\n<p>Ensiapu ja turvallisuus<\/p>\n\n\n\n<p>Antti Vihakas p. 050 3365 579&nbsp;<\/p>\n\n\n\n<p>Nettisivut, tiedotus Jaakko Pirttikoski p. 050 0237 845<\/p>\n\n\n\n<h2 class=\"wp-block-heading\">Kahvio ja ruokailu<\/h2>\n\n\n\n<p>Ruokailut j\u00e4rjestet\u00e4\u00e4n pelikouluilla. Turnauksessa ei ole myyt\u00e4v\u00e4n\u00e4 erikseen ruokaa, ruokailuun vain ennakkotilauksella ostetuilla lipukkeilla. Katsojia palvelevat kahviot pelipaikoilla ja Sastamalan keskustan useat ravintolat.<\/p>\n\n\n\n<p>Aterialipukkeet jaetaan tilanneille joukkueille teknisen palaverin yhteydess\u00e4.\u00a0<\/p>\n\n\n\n<p><strong>Lauantai<\/strong><\/p>\n\n\n\n<p>lounas 11-15 broilerpasta<br>p\u00e4iv\u00e4llinen 16-20 kinkkukiusaus<\/p>\n\n\n\n<p><strong>Sunnuntai<\/strong><\/p>\n\n\n\n<p>lounas 11-15 makaronilaatikko<\/p>\n\n\n\n<p>Ruokailussa lis\u00e4ksi salaatti, leip\u00e4, levite ja vesi\/mehu juomana.<\/p>\n","protected":false},"excerpt":{"rendered":"<p>Aikataulu Joukkueet on sijoitettu nelj\u00e4\u00e4n kolmen joukkueen alkulohkoon v\u00e4lier\u00e4turnauksien tuloksien perusteella. Alkulohkojen voittajat p\u00e4\u00e4sev\u00e4t suoraan pelaamaan puoliv\u00e4lieriin ja lohkojen kakkoset ja kolmoset pelaavat vastakkain nelj\u00e4nnesv\u00e4lieriss\u00e4 p\u00e4\u00e4syst\u00e4 puoliv\u00e4lieriin sijoille 1-8. Puoliv\u00e4lier\u00e4vaiheessa on mukana viel\u00e4 kahdeksan joukkuetta. Puoliv\u00e4lierien voittajat jatkavat v\u00e4lieriin sijoille 1-4. V\u00e4lierien voittajat jatkavat otteluun sijoista 1 ja 2, h\u00e4vi\u00e4j\u00e4t sijoista 3 ja 4. Kaikki [&hellip;]<\/p>\n","protected":false},"author":3,"featured_media":13221,"parent":0,"menu_order":0,"comment_status":"closed","ping_status":"closed","template":"","meta":{"footnotes":""},"_links":{"self":[{"href":"http:\/\/valepa.fi\/junnu\/wp-json\/wp\/v2\/pages\/14387"}],"collection":[{"href":"http:\/\/valepa.fi\/junnu\/wp-json\/wp\/v2\/pages"}],"about":[{"href":"http:\/\/valepa.fi\/junnu\/wp-json\/wp\/v2\/types\/page"}],"author":[{"embeddable":true,"href":"http:\/\/valepa.fi\/junnu\/wp-json\/wp\/v2\/users\/3"}],"replies":[{"embeddable":true,"href":"http:\/\/valepa.fi\/junnu\/wp-json\/wp\/v2\/comments?post=14387"}],"version-history":[{"count":2,"href":"http:\/\/valepa.fi\/junnu\/wp-json\/wp\/v2\/pages\/14387\/revisions"}],"predecessor-version":[{"id":14525,"href":"http:\/\/valepa.fi\/junnu\/wp-json\/wp\/v2\/pages\/14387\/revisions\/14525"}],"wp:featuredmedia":[{"embeddable":true,"href":"http:\/\/valepa.fi\/junnu\/wp-json\/wp\/v2\/media\/13221"}],"wp:attachment":[{"href":"http:\/\/valepa.fi\/junnu\/wp-json\/wp\/v2\/media?parent=14387"}],"curies":[{"name":"wp","href":"https:\/\/api.w.org\/{rel}","templated":true}]}}