{"id":14446,"date":"2023-04-07T12:38:23","date_gmt":"2023-04-07T09:38:23","guid":{"rendered":"http:\/\/valepa.fi\/junnu\/?page_id=14446"},"modified":"2023-04-07T13:08:22","modified_gmt":"2023-04-07T10:08:22","slug":"jankko","status":"publish","type":"page","link":"http:\/\/valepa.fi\/junnu\/jankko\/","title":{"rendered":"Jankko"},"content":{"rendered":"\n<figure class=\"wp-block-image size-large\"><img decoding=\"async\" loading=\"lazy\" width=\"1024\" height=\"683\" src=\"http:\/\/valepa.fi\/junnu\/wp-content\/uploads\/2023\/04\/Jankko_b-pojat_2023-suurempi-1024x683.jpg\" alt=\"\" class=\"wp-image-14448\" srcset=\"http:\/\/valepa.fi\/junnu\/wp-content\/uploads\/2023\/04\/Jankko_b-pojat_2023-suurempi-1024x683.jpg 1024w, http:\/\/valepa.fi\/junnu\/wp-content\/uploads\/2023\/04\/Jankko_b-pojat_2023-suurempi-300x200.jpg 300w, http:\/\/valepa.fi\/junnu\/wp-content\/uploads\/2023\/04\/Jankko_b-pojat_2023-suurempi-768x512.jpg 768w, http:\/\/valepa.fi\/junnu\/wp-content\/uploads\/2023\/04\/Jankko_b-pojat_2023-suurempi-1536x1025.jpg 1536w, http:\/\/valepa.fi\/junnu\/wp-content\/uploads\/2023\/04\/Jankko_b-pojat_2023-suurempi-570x380.jpg 570w, http:\/\/valepa.fi\/junnu\/wp-content\/uploads\/2023\/04\/Jankko_b-pojat_2023-suurempi.jpg 2000w\" sizes=\"(max-width: 1024px) 100vw, 1024px\" \/><\/figure>\n\n\n\n<figure class=\"wp-block-table is-style-stripes\"><table><thead><tr><th class=\"has-text-align-left\" data-align=\"left\"><strong>Numero<\/strong><\/th><th class=\"has-text-align-left\" data-align=\"left\"><strong>Nimi<\/strong><\/th><th class=\"has-text-align-left\" data-align=\"left\"><strong>Synt<\/strong>.<\/th><th class=\"has-text-align-left\" data-align=\"left\"><strong>Pituus<\/strong><\/th><th class=\"has-text-align-left\" data-align=\"left\"><strong>Pelirooli<\/strong><\/th><\/tr><\/thead><tbody><tr><td class=\"has-text-align-left\" data-align=\"left\">3<\/td><td class=\"has-text-align-left\" data-align=\"left\">Lauri Taberman<\/td><td class=\"has-text-align-left\" data-align=\"left\">-06<\/td><td class=\"has-text-align-left\" data-align=\"left\">186<\/td><td class=\"has-text-align-left\" data-align=\"left\">KT<\/td><\/tr><tr><td class=\"has-text-align-left\" data-align=\"left\">6<\/td><td class=\"has-text-align-left\" data-align=\"left\">Topias Riponiemi<\/td><td class=\"has-text-align-left\" data-align=\"left\">-07<\/td><td class=\"has-text-align-left\" data-align=\"left\">170<\/td><td class=\"has-text-align-left\" data-align=\"left\">L<\/td><\/tr><tr><td class=\"has-text-align-left\" data-align=\"left\">8<\/td><td class=\"has-text-align-left\" data-align=\"left\">R\u00e4ndi Kivine<\/td><td class=\"has-text-align-left\" data-align=\"left\">-09<\/td><td class=\"has-text-align-left\" data-align=\"left\">187<\/td><td class=\"has-text-align-left\" data-align=\"left\">H<\/td><\/tr><tr><td class=\"has-text-align-left\" data-align=\"left\">9<\/td><td class=\"has-text-align-left\" data-align=\"left\">Kasperi Rantanen<\/td><td class=\"has-text-align-left\" data-align=\"left\">-06<\/td><td class=\"has-text-align-left\" data-align=\"left\">176<\/td><td class=\"has-text-align-left\" data-align=\"left\">L<\/td><\/tr><tr><td class=\"has-text-align-left\" data-align=\"left\">10<\/td><td class=\"has-text-align-left\" data-align=\"left\">Jaaro Mattsson<\/td><td class=\"has-text-align-left\" data-align=\"left\">-06<\/td><td class=\"has-text-align-left\" data-align=\"left\">192<\/td><td class=\"has-text-align-left\" data-align=\"left\">P<\/td><\/tr><tr><td class=\"has-text-align-left\" data-align=\"left\">12 <\/td><td class=\"has-text-align-left\" data-align=\"left\">V\u00e4in\u00f6 Tanni<\/td><td class=\"has-text-align-left\" data-align=\"left\">-06<\/td><td class=\"has-text-align-left\" data-align=\"left\">179<\/td><td class=\"has-text-align-left\" data-align=\"left\">H<\/td><\/tr><tr><td class=\"has-text-align-left\" data-align=\"left\">13<\/td><td class=\"has-text-align-left\" data-align=\"left\">Elias Oivanen<\/td><td class=\"has-text-align-left\" data-align=\"left\">-09<\/td><td class=\"has-text-align-left\" data-align=\"left\">192<\/td><td class=\"has-text-align-left\" data-align=\"left\">KT<\/td><\/tr><tr><td class=\"has-text-align-left\" data-align=\"left\">14 <\/td><td class=\"has-text-align-left\" data-align=\"left\">Ossi Kanerva<\/td><td class=\"has-text-align-left\" data-align=\"left\">-07<\/td><td class=\"has-text-align-left\" data-align=\"left\">188<\/td><td class=\"has-text-align-left\" data-align=\"left\">YP<\/td><\/tr><tr><td class=\"has-text-align-left\" data-align=\"left\">19 <\/td><td class=\"has-text-align-left\" data-align=\"left\">Eemil Mansikkaniemi<\/td><td class=\"has-text-align-left\" data-align=\"left\">-07<\/td><td class=\"has-text-align-left\" data-align=\"left\">165<\/td><td class=\"has-text-align-left\" data-align=\"left\">L<\/td><\/tr><tr><td class=\"has-text-align-left\" data-align=\"left\">29<\/td><td class=\"has-text-align-left\" data-align=\"left\">Eero Suonp\u00e4\u00e4<\/td><td class=\"has-text-align-left\" data-align=\"left\">-06<\/td><td class=\"has-text-align-left\" data-align=\"left\">179<\/td><td class=\"has-text-align-left\" data-align=\"left\">YP<\/td><\/tr><tr><td class=\"has-text-align-left\" data-align=\"left\">31<\/td><td class=\"has-text-align-left\" data-align=\"left\">Justus V\u00e4lim\u00e4ki<\/td><td class=\"has-text-align-left\" data-align=\"left\">-09<\/td><td class=\"has-text-align-left\" data-align=\"left\">175<\/td><td class=\"has-text-align-left\" data-align=\"left\">P<\/td><\/tr><\/tbody><\/table><\/figure>\n\n\n\n<div class=\"wp-block-columns is-layout-flex wp-container-3 wp-block-columns-is-layout-flex\">\n<div class=\"wp-block-column is-layout-flow wp-block-column-is-layout-flow\" style=\"flex-basis:33.33%\">\n<figure class=\"wp-block-image size-large\"><img decoding=\"async\" loading=\"lazy\" width=\"785\" height=\"1024\" src=\"http:\/\/valepa.fi\/junnu\/wp-content\/uploads\/2023\/04\/Lauri-Rantanen-785x1024.jpg\" alt=\"\" class=\"wp-image-14447\" srcset=\"http:\/\/valepa.fi\/junnu\/wp-content\/uploads\/2023\/04\/Lauri-Rantanen-785x1024.jpg 785w, http:\/\/valepa.fi\/junnu\/wp-content\/uploads\/2023\/04\/Lauri-Rantanen-230x300.jpg 230w, http:\/\/valepa.fi\/junnu\/wp-content\/uploads\/2023\/04\/Lauri-Rantanen-768x1002.jpg 768w, http:\/\/valepa.fi\/junnu\/wp-content\/uploads\/2023\/04\/Lauri-Rantanen-1178x1536.jpg 1178w, http:\/\/valepa.fi\/junnu\/wp-content\/uploads\/2023\/04\/Lauri-Rantanen-1570x2048.jpg 1570w, http:\/\/valepa.fi\/junnu\/wp-content\/uploads\/2023\/04\/Lauri-Rantanen-570x743.jpg 570w, http:\/\/valepa.fi\/junnu\/wp-content\/uploads\/2023\/04\/Lauri-Rantanen-scaled.jpg 1963w\" sizes=\"(max-width: 785px) 100vw, 785px\" \/><\/figure>\n<\/div>\n\n\n\n<div class=\"wp-block-column is-layout-flow wp-block-column-is-layout-flow\" style=\"flex-basis:66.66%\">\n<p>P\u00e4\u00e4valmentaja: Lauri Rantanen<\/p>\n\n\n\n<p>Valmentaja: Hannu Uusitalo<\/p>\n\n\n\n<p>Joukkueenjohtaja: Antti Taberman<\/p>\n\n\n\n<p>Huoltaja: Niilo Pullinen<\/p>\n<\/div>\n<\/div>\n","protected":false},"excerpt":{"rendered":"<p>Numero Nimi Synt. Pituus Pelirooli 3 Lauri Taberman -06 186 KT 6 Topias Riponiemi -07 170 L 8 R\u00e4ndi Kivine -09 187 H 9 Kasperi Rantanen -06 176 L 10 Jaaro Mattsson -06 192 P 12 V\u00e4in\u00f6 Tanni -06 179 H 13 Elias Oivanen -09 192 KT 14 Ossi Kanerva -07 188 YP 19 Eemil [&hellip;]<\/p>\n","protected":false},"author":3,"featured_media":0,"parent":0,"menu_order":0,"comment_status":"closed","ping_status":"closed","template":"","meta":{"footnotes":""},"_links":{"self":[{"href":"http:\/\/valepa.fi\/junnu\/wp-json\/wp\/v2\/pages\/14446"}],"collection":[{"href":"http:\/\/valepa.fi\/junnu\/wp-json\/wp\/v2\/pages"}],"about":[{"href":"http:\/\/valepa.fi\/junnu\/wp-json\/wp\/v2\/types\/page"}],"author":[{"embeddable":true,"href":"http:\/\/valepa.fi\/junnu\/wp-json\/wp\/v2\/users\/3"}],"replies":[{"embeddable":true,"href":"http:\/\/valepa.fi\/junnu\/wp-json\/wp\/v2\/comments?post=14446"}],"version-history":[{"count":2,"href":"http:\/\/valepa.fi\/junnu\/wp-json\/wp\/v2\/pages\/14446\/revisions"}],"predecessor-version":[{"id":14464,"href":"http:\/\/valepa.fi\/junnu\/wp-json\/wp\/v2\/pages\/14446\/revisions\/14464"}],"wp:attachment":[{"href":"http:\/\/valepa.fi\/junnu\/wp-json\/wp\/v2\/media?parent=14446"}],"curies":[{"name":"wp","href":"https:\/\/api.w.org\/{rel}","templated":true}]}}