{"id":14452,"date":"2023-04-07T12:48:47","date_gmt":"2023-04-07T09:48:47","guid":{"rendered":"http:\/\/valepa.fi\/junnu\/?page_id=14452"},"modified":"2023-04-07T12:48:48","modified_gmt":"2023-04-07T09:48:48","slug":"jyvaslentis","status":"publish","type":"page","link":"http:\/\/valepa.fi\/junnu\/jyvaslentis\/","title":{"rendered":"Jyv\u00e4sLentis"},"content":{"rendered":"\n<figure class=\"wp-block-image size-large\"><img decoding=\"async\" loading=\"lazy\" width=\"1024\" height=\"767\" src=\"http:\/\/valepa.fi\/junnu\/wp-content\/uploads\/2023\/04\/JyLe_B-pojat_2022-2023-1024x767.jpg\" alt=\"\" class=\"wp-image-14454\" srcset=\"http:\/\/valepa.fi\/junnu\/wp-content\/uploads\/2023\/04\/JyLe_B-pojat_2022-2023-1024x767.jpg 1024w, http:\/\/valepa.fi\/junnu\/wp-content\/uploads\/2023\/04\/JyLe_B-pojat_2022-2023-300x225.jpg 300w, http:\/\/valepa.fi\/junnu\/wp-content\/uploads\/2023\/04\/JyLe_B-pojat_2022-2023-768x575.jpg 768w, http:\/\/valepa.fi\/junnu\/wp-content\/uploads\/2023\/04\/JyLe_B-pojat_2022-2023-1536x1150.jpg 1536w, http:\/\/valepa.fi\/junnu\/wp-content\/uploads\/2023\/04\/JyLe_B-pojat_2022-2023-2048x1534.jpg 2048w, http:\/\/valepa.fi\/junnu\/wp-content\/uploads\/2023\/04\/JyLe_B-pojat_2022-2023-570x427.jpg 570w\" sizes=\"(max-width: 1024px) 100vw, 1024px\" \/><\/figure>\n\n\n\n<figure class=\"wp-block-table is-style-stripes\"><table><thead><tr><th class=\"has-text-align-left\" data-align=\"left\"><strong>Numero<\/strong><\/th><th class=\"has-text-align-left\" data-align=\"left\"><strong>Nimi<\/strong><\/th><th class=\"has-text-align-left\" data-align=\"left\"><strong>Synt<\/strong>.<\/th><th class=\"has-text-align-left\" data-align=\"left\"><strong>Pituus<\/strong><\/th><th class=\"has-text-align-left\" data-align=\"left\"><strong>Pelirooli<\/strong><\/th><\/tr><\/thead><tbody><tr><td class=\"has-text-align-left\" data-align=\"left\">3<\/td><td class=\"has-text-align-left\" data-align=\"left\">Huotari Aaron<\/td><td class=\"has-text-align-left\" data-align=\"left\">-07<\/td><td class=\"has-text-align-left\" data-align=\"left\">180<\/td><td class=\"has-text-align-left\" data-align=\"left\">passari<\/td><\/tr><tr><td class=\"has-text-align-left\" data-align=\"left\">5<\/td><td class=\"has-text-align-left\" data-align=\"left\">Poikonen Viljami<\/td><td class=\"has-text-align-left\" data-align=\"left\">-07<\/td><td class=\"has-text-align-left\" data-align=\"left\">187<\/td><td class=\"has-text-align-left\" data-align=\"left\">yleispelaaja<\/td><\/tr><tr><td class=\"has-text-align-left\" data-align=\"left\">8<\/td><td class=\"has-text-align-left\" data-align=\"left\">Luttinen Konsta<\/td><td class=\"has-text-align-left\" data-align=\"left\">-06<\/td><td class=\"has-text-align-left\" data-align=\"left\">175<\/td><td class=\"has-text-align-left\" data-align=\"left\">libero<\/td><\/tr><tr><td class=\"has-text-align-left\" data-align=\"left\">9<\/td><td class=\"has-text-align-left\" data-align=\"left\">Ahvenj\u00e4rvi Lauri<\/td><td class=\"has-text-align-left\" data-align=\"left\">-07<\/td><td class=\"has-text-align-left\" data-align=\"left\">196<\/td><td class=\"has-text-align-left\" data-align=\"left\">keskitorjuja<\/td><\/tr><tr><td class=\"has-text-align-left\" data-align=\"left\">10<\/td><td class=\"has-text-align-left\" data-align=\"left\">Sivonen Timothy<\/td><td class=\"has-text-align-left\" data-align=\"left\">-06<\/td><td class=\"has-text-align-left\" data-align=\"left\">188<\/td><td class=\"has-text-align-left\" data-align=\"left\">yleispelaaja<\/td><\/tr><tr><td class=\"has-text-align-left\" data-align=\"left\">11 <\/td><td class=\"has-text-align-left\" data-align=\"left\">M\u00e4yr\u00e4 Viljami<\/td><td class=\"has-text-align-left\" data-align=\"left\">-06<\/td><td class=\"has-text-align-left\" data-align=\"left\">178<\/td><td class=\"has-text-align-left\" data-align=\"left\">hakkuri<\/td><\/tr><tr><td class=\"has-text-align-left\" data-align=\"left\">12<\/td><td class=\"has-text-align-left\" data-align=\"left\">Hakonen Teemu<\/td><td class=\"has-text-align-left\" data-align=\"left\">-06<\/td><td class=\"has-text-align-left\" data-align=\"left\">187<\/td><td class=\"has-text-align-left\" data-align=\"left\">passari<\/td><\/tr><tr><td class=\"has-text-align-left\" data-align=\"left\">15 <\/td><td class=\"has-text-align-left\" data-align=\"left\">Nuija Elias<\/td><td class=\"has-text-align-left\" data-align=\"left\">-07<\/td><td class=\"has-text-align-left\" data-align=\"left\">175<\/td><td class=\"has-text-align-left\" data-align=\"left\">hakkuri<\/td><\/tr><tr><td class=\"has-text-align-left\" data-align=\"left\">17 <\/td><td class=\"has-text-align-left\" data-align=\"left\">Siika-aho Matias<\/td><td class=\"has-text-align-left\" data-align=\"left\">-07<\/td><td class=\"has-text-align-left\" data-align=\"left\">186<\/td><td class=\"has-text-align-left\" data-align=\"left\">yleispelaaja<\/td><\/tr><tr><td class=\"has-text-align-left\" data-align=\"left\">18<\/td><td class=\"has-text-align-left\" data-align=\"left\">Kinnunen Patrik<\/td><td class=\"has-text-align-left\" data-align=\"left\">-07<\/td><td class=\"has-text-align-left\" data-align=\"left\">185<\/td><td class=\"has-text-align-left\" data-align=\"left\">keskitorjuja<\/td><\/tr><tr><td class=\"has-text-align-left\" data-align=\"left\">34<\/td><td class=\"has-text-align-left\" data-align=\"left\">Antikainen Joona<\/td><td class=\"has-text-align-left\" data-align=\"left\">-07<\/td><td class=\"has-text-align-left\" data-align=\"left\">180<\/td><td class=\"has-text-align-left\" data-align=\"left\">yleispelaaja<\/td><\/tr><\/tbody><\/table><\/figure>\n\n\n\n<div class=\"wp-block-columns is-layout-flex wp-container-3 wp-block-columns-is-layout-flex\">\n<div class=\"wp-block-column is-layout-flow wp-block-column-is-layout-flow\" style=\"flex-basis:33.33%\">\n<figure class=\"wp-block-image size-large\"><img decoding=\"async\" loading=\"lazy\" width=\"785\" height=\"1024\" src=\"http:\/\/valepa.fi\/junnu\/wp-content\/uploads\/2023\/04\/Siika-aho_Pentti-785x1024.jpg\" alt=\"\" class=\"wp-image-14453\" srcset=\"http:\/\/valepa.fi\/junnu\/wp-content\/uploads\/2023\/04\/Siika-aho_Pentti-785x1024.jpg 785w, http:\/\/valepa.fi\/junnu\/wp-content\/uploads\/2023\/04\/Siika-aho_Pentti-230x300.jpg 230w, http:\/\/valepa.fi\/junnu\/wp-content\/uploads\/2023\/04\/Siika-aho_Pentti-768x1002.jpg 768w, http:\/\/valepa.fi\/junnu\/wp-content\/uploads\/2023\/04\/Siika-aho_Pentti-570x743.jpg 570w, http:\/\/valepa.fi\/junnu\/wp-content\/uploads\/2023\/04\/Siika-aho_Pentti.jpg 799w\" sizes=\"(max-width: 785px) 100vw, 785px\" \/><\/figure>\n<\/div>\n\n\n\n<div class=\"wp-block-column is-layout-flow wp-block-column-is-layout-flow\" style=\"flex-basis:66.66%\">\n<p>Siika-aho Pentti, p\u00e4\u00e4valmentaja<\/p>\n\n\n\n<p>Flyktman Janne, valmentaja<\/p>\n\n\n\n<p>Ahvenj\u00e4rvi Hannu, joukkueenjohtaja<\/p>\n<\/div>\n<\/div>\n","protected":false},"excerpt":{"rendered":"<p>Numero Nimi Synt. Pituus Pelirooli 3 Huotari Aaron -07 180 passari 5 Poikonen Viljami -07 187 yleispelaaja 8 Luttinen Konsta -06 175 libero 9 Ahvenj\u00e4rvi Lauri -07 196 keskitorjuja 10 Sivonen Timothy -06 188 yleispelaaja 11 M\u00e4yr\u00e4 Viljami -06 178 hakkuri 12 Hakonen Teemu -06 187 passari 15 Nuija Elias -07 175 hakkuri 17 Siika-aho [&hellip;]<\/p>\n","protected":false},"author":3,"featured_media":0,"parent":0,"menu_order":0,"comment_status":"closed","ping_status":"closed","template":"","meta":{"footnotes":""},"_links":{"self":[{"href":"http:\/\/valepa.fi\/junnu\/wp-json\/wp\/v2\/pages\/14452"}],"collection":[{"href":"http:\/\/valepa.fi\/junnu\/wp-json\/wp\/v2\/pages"}],"about":[{"href":"http:\/\/valepa.fi\/junnu\/wp-json\/wp\/v2\/types\/page"}],"author":[{"embeddable":true,"href":"http:\/\/valepa.fi\/junnu\/wp-json\/wp\/v2\/users\/3"}],"replies":[{"embeddable":true,"href":"http:\/\/valepa.fi\/junnu\/wp-json\/wp\/v2\/comments?post=14452"}],"version-history":[{"count":1,"href":"http:\/\/valepa.fi\/junnu\/wp-json\/wp\/v2\/pages\/14452\/revisions"}],"predecessor-version":[{"id":14455,"href":"http:\/\/valepa.fi\/junnu\/wp-json\/wp\/v2\/pages\/14452\/revisions\/14455"}],"wp:attachment":[{"href":"http:\/\/valepa.fi\/junnu\/wp-json\/wp\/v2\/media?parent=14452"}],"curies":[{"name":"wp","href":"https:\/\/api.w.org\/{rel}","templated":true}]}}