{"id":14465,"date":"2023-04-07T13:18:36","date_gmt":"2023-04-07T10:18:36","guid":{"rendered":"http:\/\/valepa.fi\/junnu\/?page_id=14465"},"modified":"2023-04-07T13:18:37","modified_gmt":"2023-04-07T10:18:37","slug":"puwo-musta","status":"publish","type":"page","link":"http:\/\/valepa.fi\/junnu\/puwo-musta\/","title":{"rendered":"PuWo Musta"},"content":{"rendered":"\n<figure class=\"wp-block-image size-large\"><img decoding=\"async\" loading=\"lazy\" width=\"1024\" height=\"683\" src=\"http:\/\/valepa.fi\/junnu\/wp-content\/uploads\/2023\/04\/PuWo-Bp-Musta-2022-23-1024x683.jpg\" alt=\"\" class=\"wp-image-14466\" srcset=\"http:\/\/valepa.fi\/junnu\/wp-content\/uploads\/2023\/04\/PuWo-Bp-Musta-2022-23-1024x683.jpg 1024w, http:\/\/valepa.fi\/junnu\/wp-content\/uploads\/2023\/04\/PuWo-Bp-Musta-2022-23-300x200.jpg 300w, http:\/\/valepa.fi\/junnu\/wp-content\/uploads\/2023\/04\/PuWo-Bp-Musta-2022-23-768x512.jpg 768w, http:\/\/valepa.fi\/junnu\/wp-content\/uploads\/2023\/04\/PuWo-Bp-Musta-2022-23-1536x1024.jpg 1536w, http:\/\/valepa.fi\/junnu\/wp-content\/uploads\/2023\/04\/PuWo-Bp-Musta-2022-23-570x380.jpg 570w, http:\/\/valepa.fi\/junnu\/wp-content\/uploads\/2023\/04\/PuWo-Bp-Musta-2022-23.jpg 1600w\" sizes=\"(max-width: 1024px) 100vw, 1024px\" \/><\/figure>\n\n\n\n<figure class=\"wp-block-table is-style-stripes\"><table><thead><tr><th class=\"has-text-align-left\" data-align=\"left\"><strong>Numero<\/strong><\/th><th class=\"has-text-align-left\" data-align=\"left\"><strong>Nimi<\/strong><\/th><th class=\"has-text-align-left\" data-align=\"left\"><strong>Synt<\/strong>.<\/th><th class=\"has-text-align-left\" data-align=\"left\"><strong>Pituus<\/strong><\/th><th class=\"has-text-align-left\" data-align=\"left\"><strong>Pelirooli<\/strong><\/th><\/tr><\/thead><tbody><tr><td class=\"has-text-align-left\" data-align=\"left\">1<\/td><td class=\"has-text-align-left\" data-align=\"left\">Aamuvuori Onni<\/td><td class=\"has-text-align-left\" data-align=\"left\">-08<\/td><td class=\"has-text-align-left\" data-align=\"left\">190<\/td><td class=\"has-text-align-left\" data-align=\"left\">Hakkuri<\/td><\/tr><tr><td class=\"has-text-align-left\" data-align=\"left\">2<\/td><td class=\"has-text-align-left\" data-align=\"left\">Pitk\u00e4nen Peetu<\/td><td class=\"has-text-align-left\" data-align=\"left\">-06<\/td><td class=\"has-text-align-left\" data-align=\"left\">182<\/td><td class=\"has-text-align-left\" data-align=\"left\">Passari<\/td><\/tr><tr><td class=\"has-text-align-left\" data-align=\"left\">3<\/td><td class=\"has-text-align-left\" data-align=\"left\">Huikari Aki<\/td><td class=\"has-text-align-left\" data-align=\"left\">-07<\/td><td class=\"has-text-align-left\" data-align=\"left\">184<\/td><td class=\"has-text-align-left\" data-align=\"left\">YP<\/td><\/tr><tr><td class=\"has-text-align-left\" data-align=\"left\">4<\/td><td class=\"has-text-align-left\" data-align=\"left\">Oyolo Trever<\/td><td class=\"has-text-align-left\" data-align=\"left\">-06<\/td><td class=\"has-text-align-left\" data-align=\"left\">171<\/td><td class=\"has-text-align-left\" data-align=\"left\">YP\/Hakkuri<\/td><\/tr><tr><td class=\"has-text-align-left\" data-align=\"left\">6<\/td><td class=\"has-text-align-left\" data-align=\"left\">R\u00e4s\u00e4nen Tatu<\/td><td class=\"has-text-align-left\" data-align=\"left\">-06<\/td><td class=\"has-text-align-left\" data-align=\"left\">181<\/td><td class=\"has-text-align-left\" data-align=\"left\">Hakkuri<\/td><\/tr><tr><td class=\"has-text-align-left\" data-align=\"left\">7 <\/td><td class=\"has-text-align-left\" data-align=\"left\">Nieminen Martti<\/td><td class=\"has-text-align-left\" data-align=\"left\">-06<\/td><td class=\"has-text-align-left\" data-align=\"left\">183<\/td><td class=\"has-text-align-left\" data-align=\"left\">KT<\/td><\/tr><tr><td class=\"has-text-align-left\" data-align=\"left\">8<\/td><td class=\"has-text-align-left\" data-align=\"left\">Saarim\u00e4ki Sisu<\/td><td class=\"has-text-align-left\" data-align=\"left\">-08<\/td><td class=\"has-text-align-left\" data-align=\"left\">179<\/td><td class=\"has-text-align-left\" data-align=\"left\">Passari<\/td><\/tr><tr><td class=\"has-text-align-left\" data-align=\"left\">9 <\/td><td class=\"has-text-align-left\" data-align=\"left\">Hautam\u00e4ki Tiitus<\/td><td class=\"has-text-align-left\" data-align=\"left\">-06<\/td><td class=\"has-text-align-left\" data-align=\"left\">190<\/td><td class=\"has-text-align-left\" data-align=\"left\">KT<\/td><\/tr><tr><td class=\"has-text-align-left\" data-align=\"left\">12 <\/td><td class=\"has-text-align-left\" data-align=\"left\">Tolvanen Totti<\/td><td class=\"has-text-align-left\" data-align=\"left\">-07<\/td><td class=\"has-text-align-left\" data-align=\"left\">187<\/td><td class=\"has-text-align-left\" data-align=\"left\">YP<\/td><\/tr><tr><td class=\"has-text-align-left\" data-align=\"left\">13<\/td><td class=\"has-text-align-left\" data-align=\"left\">Nenonen Aatu<\/td><td class=\"has-text-align-left\" data-align=\"left\">-06<\/td><td class=\"has-text-align-left\" data-align=\"left\">188<\/td><td class=\"has-text-align-left\" data-align=\"left\">YP<\/td><\/tr><tr><td class=\"has-text-align-left\" data-align=\"left\">15<\/td><td class=\"has-text-align-left\" data-align=\"left\">Huttunen Juho<\/td><td class=\"has-text-align-left\" data-align=\"left\">-07<\/td><td class=\"has-text-align-left\" data-align=\"left\">176<\/td><td class=\"has-text-align-left\" data-align=\"left\">YP<\/td><\/tr><tr><td class=\"has-text-align-left\" data-align=\"left\">18<\/td><td class=\"has-text-align-left\" data-align=\"left\">Liikanen Onni<\/td><td class=\"has-text-align-left\" data-align=\"left\">-06<\/td><td class=\"has-text-align-left\" data-align=\"left\">181<\/td><td class=\"has-text-align-left\" data-align=\"left\">Libero<\/td><\/tr><\/tbody><\/table><\/figure>\n\n\n\n<div class=\"wp-block-columns is-layout-flex wp-container-3 wp-block-columns-is-layout-flex\">\n<div class=\"wp-block-column is-layout-flow wp-block-column-is-layout-flow\" style=\"flex-basis:33.33%\">\n<figure class=\"wp-block-image size-full\"><img decoding=\"async\" loading=\"lazy\" width=\"500\" height=\"653\" src=\"http:\/\/valepa.fi\/junnu\/wp-content\/uploads\/2023\/04\/PuWo-Bp-Musta-Huikari-Harri.jpg\" alt=\"\" class=\"wp-image-14467\" srcset=\"http:\/\/valepa.fi\/junnu\/wp-content\/uploads\/2023\/04\/PuWo-Bp-Musta-Huikari-Harri.jpg 500w, http:\/\/valepa.fi\/junnu\/wp-content\/uploads\/2023\/04\/PuWo-Bp-Musta-Huikari-Harri-230x300.jpg 230w\" sizes=\"(max-width: 500px) 100vw, 500px\" \/><\/figure>\n<\/div>\n\n\n\n<div class=\"wp-block-column is-layout-flow wp-block-column-is-layout-flow\" style=\"flex-basis:66.66%\">\n<p>P\u00e4\u00e4valmentaja Huikari Harri<\/p>\n\n\n\n<p>Apuvalmentaja Hautam\u00e4ki Mikko<\/p>\n\n\n\n<p>Huoltaja Huttunen Pasi<\/p>\n\n\n\n<p>Joukkueenjohtaja Nieminen Olli<\/p>\n<\/div>\n<\/div>\n","protected":false},"excerpt":{"rendered":"<p>Numero Nimi Synt. Pituus Pelirooli 1 Aamuvuori Onni -08 190 Hakkuri 2 Pitk\u00e4nen Peetu -06 182 Passari 3 Huikari Aki -07 184 YP 4 Oyolo Trever -06 171 YP\/Hakkuri 6 R\u00e4s\u00e4nen Tatu -06 181 Hakkuri 7 Nieminen Martti -06 183 KT 8 Saarim\u00e4ki Sisu -08 179 Passari 9 Hautam\u00e4ki Tiitus -06 190 KT 12 Tolvanen [&hellip;]<\/p>\n","protected":false},"author":3,"featured_media":0,"parent":0,"menu_order":0,"comment_status":"closed","ping_status":"closed","template":"","meta":{"footnotes":""},"_links":{"self":[{"href":"http:\/\/valepa.fi\/junnu\/wp-json\/wp\/v2\/pages\/14465"}],"collection":[{"href":"http:\/\/valepa.fi\/junnu\/wp-json\/wp\/v2\/pages"}],"about":[{"href":"http:\/\/valepa.fi\/junnu\/wp-json\/wp\/v2\/types\/page"}],"author":[{"embeddable":true,"href":"http:\/\/valepa.fi\/junnu\/wp-json\/wp\/v2\/users\/3"}],"replies":[{"embeddable":true,"href":"http:\/\/valepa.fi\/junnu\/wp-json\/wp\/v2\/comments?post=14465"}],"version-history":[{"count":1,"href":"http:\/\/valepa.fi\/junnu\/wp-json\/wp\/v2\/pages\/14465\/revisions"}],"predecessor-version":[{"id":14468,"href":"http:\/\/valepa.fi\/junnu\/wp-json\/wp\/v2\/pages\/14465\/revisions\/14468"}],"wp:attachment":[{"href":"http:\/\/valepa.fi\/junnu\/wp-json\/wp\/v2\/media?parent=14465"}],"curies":[{"name":"wp","href":"https:\/\/api.w.org\/{rel}","templated":true}]}}