{"id":14471,"date":"2023-04-07T13:39:04","date_gmt":"2023-04-07T10:39:04","guid":{"rendered":"http:\/\/valepa.fi\/junnu\/?page_id=14471"},"modified":"2023-04-07T13:39:06","modified_gmt":"2023-04-07T10:39:06","slug":"valepa","status":"publish","type":"page","link":"http:\/\/valepa.fi\/junnu\/valepa\/","title":{"rendered":"VaLePa"},"content":{"rendered":"\n<figure class=\"wp-block-image size-large\"><img decoding=\"async\" loading=\"lazy\" width=\"1024\" height=\"576\" src=\"http:\/\/valepa.fi\/junnu\/wp-content\/uploads\/2022\/12\/B-pojat_22-1024x576.jpg\" alt=\"\" class=\"wp-image-13180\" srcset=\"http:\/\/valepa.fi\/junnu\/wp-content\/uploads\/2022\/12\/B-pojat_22-1024x576.jpg 1024w, http:\/\/valepa.fi\/junnu\/wp-content\/uploads\/2022\/12\/B-pojat_22-300x169.jpg 300w, http:\/\/valepa.fi\/junnu\/wp-content\/uploads\/2022\/12\/B-pojat_22-768x432.jpg 768w, http:\/\/valepa.fi\/junnu\/wp-content\/uploads\/2022\/12\/B-pojat_22-570x321.jpg 570w, http:\/\/valepa.fi\/junnu\/wp-content\/uploads\/2022\/12\/B-pojat_22-1110x624.jpg 1110w, http:\/\/valepa.fi\/junnu\/wp-content\/uploads\/2022\/12\/B-pojat_22-528x297.jpg 528w, http:\/\/valepa.fi\/junnu\/wp-content\/uploads\/2022\/12\/B-pojat_22.jpg 1200w\" sizes=\"(max-width: 1024px) 100vw, 1024px\" \/><\/figure>\n\n\n\n<figure class=\"wp-block-table is-style-stripes\"><table><thead><tr><th class=\"has-text-align-left\" data-align=\"left\"><strong>Numero<\/strong><\/th><th class=\"has-text-align-left\" data-align=\"left\"><strong>Nimi<\/strong><\/th><th class=\"has-text-align-left\" data-align=\"left\"><strong>Synt<\/strong>.<\/th><th class=\"has-text-align-left\" data-align=\"left\"><strong>Pituus<\/strong><\/th><th class=\"has-text-align-left\" data-align=\"left\"><strong>Pelirooli<\/strong><\/th><\/tr><\/thead><tbody><tr><td class=\"has-text-align-left\" data-align=\"left\">2<\/td><td class=\"has-text-align-left\" data-align=\"left\">Lahtinen Joel<\/td><td class=\"has-text-align-left\" data-align=\"left\">-06<\/td><td class=\"has-text-align-left\" data-align=\"left\">185<\/td><td class=\"has-text-align-left\" data-align=\"left\">Hakkuri<\/td><\/tr><tr><td class=\"has-text-align-left\" data-align=\"left\">4<\/td><td class=\"has-text-align-left\" data-align=\"left\">Vieras Veikka<\/td><td class=\"has-text-align-left\" data-align=\"left\">-07<\/td><td class=\"has-text-align-left\" data-align=\"left\">185<\/td><td class=\"has-text-align-left\" data-align=\"left\">Keskitorjuja<\/td><\/tr><tr><td class=\"has-text-align-left\" data-align=\"left\">8<\/td><td class=\"has-text-align-left\" data-align=\"left\">Maijala Matti<\/td><td class=\"has-text-align-left\" data-align=\"left\">-06<\/td><td class=\"has-text-align-left\" data-align=\"left\">192<\/td><td class=\"has-text-align-left\" data-align=\"left\">Passari<\/td><\/tr><tr><td class=\"has-text-align-left\" data-align=\"left\">9<\/td><td class=\"has-text-align-left\" data-align=\"left\">S\u00f6derlund Samu<\/td><td class=\"has-text-align-left\" data-align=\"left\">-07<\/td><td class=\"has-text-align-left\" data-align=\"left\">175<\/td><td class=\"has-text-align-left\" data-align=\"left\">Passari<\/td><\/tr><tr><td class=\"has-text-align-left\" data-align=\"left\">10<\/td><td class=\"has-text-align-left\" data-align=\"left\">Ryypp\u00e4 Anselmi<\/td><td class=\"has-text-align-left\" data-align=\"left\">-07<\/td><td class=\"has-text-align-left\" data-align=\"left\">176<\/td><td class=\"has-text-align-left\" data-align=\"left\">Libero<\/td><\/tr><tr><td class=\"has-text-align-left\" data-align=\"left\">11 <\/td><td class=\"has-text-align-left\" data-align=\"left\">Hiitti Veeti<\/td><td class=\"has-text-align-left\" data-align=\"left\">-08<\/td><td class=\"has-text-align-left\" data-align=\"left\">183<\/td><td class=\"has-text-align-left\" data-align=\"left\">Yleispelaaja<\/td><\/tr><tr><td class=\"has-text-align-left\" data-align=\"left\">12<\/td><td class=\"has-text-align-left\" data-align=\"left\">Husso Joni<\/td><td class=\"has-text-align-left\" data-align=\"left\">-08<\/td><td class=\"has-text-align-left\" data-align=\"left\">183<\/td><td class=\"has-text-align-left\" data-align=\"left\">Keskitorjuja<\/td><\/tr><tr><td class=\"has-text-align-left\" data-align=\"left\">14<\/td><td class=\"has-text-align-left\" data-align=\"left\">Vainio Ville<\/td><td class=\"has-text-align-left\" data-align=\"left\">-07<\/td><td class=\"has-text-align-left\" data-align=\"left\">180<\/td><td class=\"has-text-align-left\" data-align=\"left\">Yleispelaaja<\/td><\/tr><tr><td class=\"has-text-align-left\" data-align=\"left\">15 <\/td><td class=\"has-text-align-left\" data-align=\"left\">Leikkanen Aaro<\/td><td class=\"has-text-align-left\" data-align=\"left\">-07<\/td><td class=\"has-text-align-left\" data-align=\"left\">177<\/td><td class=\"has-text-align-left\" data-align=\"left\">Hakkuri<\/td><\/tr><tr><td class=\"has-text-align-left\" data-align=\"left\">16<\/td><td class=\"has-text-align-left\" data-align=\"left\">Rajam\u00e4ki Jooa<\/td><td class=\"has-text-align-left\" data-align=\"left\">-07<\/td><td class=\"has-text-align-left\" data-align=\"left\">186<\/td><td class=\"has-text-align-left\" data-align=\"left\">Keskitorjuja<\/td><\/tr><tr><td class=\"has-text-align-left\" data-align=\"left\">22<\/td><td class=\"has-text-align-left\" data-align=\"left\">Villgren Joonas<\/td><td class=\"has-text-align-left\" data-align=\"left\">-06<\/td><td class=\"has-text-align-left\" data-align=\"left\">185<\/td><td class=\"has-text-align-left\" data-align=\"left\">Yleispelaaja<\/td><\/tr><tr><td class=\"has-text-align-left\" data-align=\"left\">30<\/td><td class=\"has-text-align-left\" data-align=\"left\">Heikkil\u00e4 Leevi<\/td><td class=\"has-text-align-left\" data-align=\"left\">-06<\/td><td class=\"has-text-align-left\" data-align=\"left\">183<\/td><td class=\"has-text-align-left\" data-align=\"left\">Yleispelaaja<\/td><\/tr><tr><td class=\"has-text-align-left\" data-align=\"left\">87<\/td><td class=\"has-text-align-left\" data-align=\"left\">J\u00e4rvinen Aleksi<\/td><td class=\"has-text-align-left\" data-align=\"left\">-07<\/td><td class=\"has-text-align-left\" data-align=\"left\">185<\/td><td class=\"has-text-align-left\" data-align=\"left\">Yleispelaaja<\/td><\/tr><\/tbody><\/table><figcaption><br><\/figcaption><\/figure>\n\n\n\n<div class=\"wp-block-columns is-layout-flex wp-container-3 wp-block-columns-is-layout-flex\">\n<div class=\"wp-block-column is-layout-flow wp-block-column-is-layout-flow\" style=\"flex-basis:33.33%\">\n<figure class=\"wp-block-image size-full\"><img decoding=\"async\" loading=\"lazy\" width=\"600\" height=\"800\" src=\"http:\/\/valepa.fi\/junnu\/wp-content\/uploads\/2023\/04\/Teemu_Ryyppa.jpg\" alt=\"\" class=\"wp-image-14472\" srcset=\"http:\/\/valepa.fi\/junnu\/wp-content\/uploads\/2023\/04\/Teemu_Ryyppa.jpg 600w, http:\/\/valepa.fi\/junnu\/wp-content\/uploads\/2023\/04\/Teemu_Ryyppa-225x300.jpg 225w, http:\/\/valepa.fi\/junnu\/wp-content\/uploads\/2023\/04\/Teemu_Ryyppa-570x760.jpg 570w\" sizes=\"(max-width: 600px) 100vw, 600px\" \/><\/figure>\n<\/div>\n\n\n\n<div class=\"wp-block-column is-layout-flow wp-block-column-is-layout-flow\" style=\"flex-basis:66.66%\">\n<p>P\u00e4\u00e4valmentaja Teemu Ryypp\u00e4<\/p>\n\n\n\n<p>Apuvalmentaja Aki S\u00f6derlund<\/p>\n\n\n\n<p>Huoltaja Jami Pajunoja<\/p>\n\n\n\n<p>Joukkueenjohtaja Leena Iso-Ketola-Ryypp\u00e4<\/p>\n<\/div>\n<\/div>\n","protected":false},"excerpt":{"rendered":"<p>Numero Nimi Synt. Pituus Pelirooli 2 Lahtinen Joel -06 185 Hakkuri 4 Vieras Veikka -07 185 Keskitorjuja 8 Maijala Matti -06 192 Passari 9 S\u00f6derlund Samu -07 175 Passari 10 Ryypp\u00e4 Anselmi -07 176 Libero 11 Hiitti Veeti -08 183 Yleispelaaja 12 Husso Joni -08 183 Keskitorjuja 14 Vainio Ville -07 180 Yleispelaaja 15 Leikkanen [&hellip;]<\/p>\n","protected":false},"author":3,"featured_media":0,"parent":0,"menu_order":0,"comment_status":"closed","ping_status":"closed","template":"","meta":{"footnotes":""},"_links":{"self":[{"href":"http:\/\/valepa.fi\/junnu\/wp-json\/wp\/v2\/pages\/14471"}],"collection":[{"href":"http:\/\/valepa.fi\/junnu\/wp-json\/wp\/v2\/pages"}],"about":[{"href":"http:\/\/valepa.fi\/junnu\/wp-json\/wp\/v2\/types\/page"}],"author":[{"embeddable":true,"href":"http:\/\/valepa.fi\/junnu\/wp-json\/wp\/v2\/users\/3"}],"replies":[{"embeddable":true,"href":"http:\/\/valepa.fi\/junnu\/wp-json\/wp\/v2\/comments?post=14471"}],"version-history":[{"count":1,"href":"http:\/\/valepa.fi\/junnu\/wp-json\/wp\/v2\/pages\/14471\/revisions"}],"predecessor-version":[{"id":14473,"href":"http:\/\/valepa.fi\/junnu\/wp-json\/wp\/v2\/pages\/14471\/revisions\/14473"}],"wp:attachment":[{"href":"http:\/\/valepa.fi\/junnu\/wp-json\/wp\/v2\/media?parent=14471"}],"curies":[{"name":"wp","href":"https:\/\/api.w.org\/{rel}","templated":true}]}}