{"id":14481,"date":"2023-04-07T14:32:43","date_gmt":"2023-04-07T11:32:43","guid":{"rendered":"http:\/\/valepa.fi\/junnu\/?page_id=14481"},"modified":"2023-04-07T14:32:44","modified_gmt":"2023-04-07T11:32:44","slug":"lpk","status":"publish","type":"page","link":"http:\/\/valepa.fi\/junnu\/lpk\/","title":{"rendered":"LPK"},"content":{"rendered":"\n<figure class=\"wp-block-image size-large\"><img decoding=\"async\" loading=\"lazy\" width=\"1024\" height=\"847\" src=\"http:\/\/valepa.fi\/junnu\/wp-content\/uploads\/2023\/04\/LPK_B-pojat-1024x847.jpg\" alt=\"\" class=\"wp-image-14483\" srcset=\"http:\/\/valepa.fi\/junnu\/wp-content\/uploads\/2023\/04\/LPK_B-pojat-1024x847.jpg 1024w, http:\/\/valepa.fi\/junnu\/wp-content\/uploads\/2023\/04\/LPK_B-pojat-300x248.jpg 300w, http:\/\/valepa.fi\/junnu\/wp-content\/uploads\/2023\/04\/LPK_B-pojat-768x635.jpg 768w, http:\/\/valepa.fi\/junnu\/wp-content\/uploads\/2023\/04\/LPK_B-pojat-1536x1270.jpg 1536w, http:\/\/valepa.fi\/junnu\/wp-content\/uploads\/2023\/04\/LPK_B-pojat-570x471.jpg 570w, http:\/\/valepa.fi\/junnu\/wp-content\/uploads\/2023\/04\/LPK_B-pojat.jpg 1600w\" sizes=\"(max-width: 1024px) 100vw, 1024px\" \/><\/figure>\n\n\n\n<figure class=\"wp-block-table is-style-stripes\"><table><thead><tr><th class=\"has-text-align-left\" data-align=\"left\"><strong>Numero<\/strong><\/th><th class=\"has-text-align-left\" data-align=\"left\"><strong>Nimi<\/strong><\/th><th class=\"has-text-align-left\" data-align=\"left\"><strong>Synt<\/strong>.<\/th><th class=\"has-text-align-left\" data-align=\"left\"><strong>Pituus<\/strong><\/th><th class=\"has-text-align-left\" data-align=\"left\"><strong>Pelirooli<\/strong><\/th><\/tr><\/thead><tbody><tr><td class=\"has-text-align-left\" data-align=\"left\">1<\/td><td class=\"has-text-align-left\" data-align=\"left\">Koskela Jussi<\/td><td class=\"has-text-align-left\" data-align=\"left\">-07<\/td><td class=\"has-text-align-left\" data-align=\"left\">188<\/td><td class=\"has-text-align-left\" data-align=\"left\">KT<\/td><\/tr><tr><td class=\"has-text-align-left\" data-align=\"left\">4<\/td><td class=\"has-text-align-left\" data-align=\"left\">Kolunsarka Severi<\/td><td class=\"has-text-align-left\" data-align=\"left\">-07<\/td><td class=\"has-text-align-left\" data-align=\"left\">187<\/td><td class=\"has-text-align-left\" data-align=\"left\">YP<\/td><\/tr><tr><td class=\"has-text-align-left\" data-align=\"left\">5<\/td><td class=\"has-text-align-left\" data-align=\"left\">Niemi Martti<\/td><td class=\"has-text-align-left\" data-align=\"left\">-07<\/td><td class=\"has-text-align-left\" data-align=\"left\">180<\/td><td class=\"has-text-align-left\" data-align=\"left\">P<\/td><\/tr><tr><td class=\"has-text-align-left\" data-align=\"left\">6<\/td><td class=\"has-text-align-left\" data-align=\"left\">Tillander Wille<\/td><td class=\"has-text-align-left\" data-align=\"left\">-07<\/td><td class=\"has-text-align-left\" data-align=\"left\">181<\/td><td class=\"has-text-align-left\" data-align=\"left\">H<\/td><\/tr><tr><td class=\"has-text-align-left\" data-align=\"left\">7<\/td><td class=\"has-text-align-left\" data-align=\"left\">Vesanen Kasper<\/td><td class=\"has-text-align-left\" data-align=\"left\">-07<\/td><td class=\"has-text-align-left\" data-align=\"left\">185<\/td><td class=\"has-text-align-left\" data-align=\"left\">YP<\/td><\/tr><tr><td class=\"has-text-align-left\" data-align=\"left\">8 <\/td><td class=\"has-text-align-left\" data-align=\"left\">Lahtinen Lauri<\/td><td class=\"has-text-align-left\" data-align=\"left\">-07<\/td><td class=\"has-text-align-left\" data-align=\"left\">182<\/td><td class=\"has-text-align-left\" data-align=\"left\">YP<\/td><\/tr><tr><td class=\"has-text-align-left\" data-align=\"left\">11<\/td><td class=\"has-text-align-left\" data-align=\"left\">M\u00e4kipelto Roope<\/td><td class=\"has-text-align-left\" data-align=\"left\">-07<\/td><td class=\"has-text-align-left\" data-align=\"left\">181<\/td><td class=\"has-text-align-left\" data-align=\"left\">YP<\/td><\/tr><tr><td class=\"has-text-align-left\" data-align=\"left\">12 <\/td><td class=\"has-text-align-left\" data-align=\"left\">T\u00fc\u00fcr Kendron<\/td><td class=\"has-text-align-left\" data-align=\"left\">-07<\/td><td class=\"has-text-align-left\" data-align=\"left\">183<\/td><td class=\"has-text-align-left\" data-align=\"left\">YP<\/td><\/tr><tr><td class=\"has-text-align-left\" data-align=\"left\">13 <\/td><td class=\"has-text-align-left\" data-align=\"left\">Nikkinen Nuutti<\/td><td class=\"has-text-align-left\" data-align=\"left\">-07<\/td><td class=\"has-text-align-left\" data-align=\"left\">198<\/td><td class=\"has-text-align-left\" data-align=\"left\">KT\/H<\/td><\/tr><tr><td class=\"has-text-align-left\" data-align=\"left\">14<\/td><td class=\"has-text-align-left\" data-align=\"left\">Salosto Elmeri<\/td><td class=\"has-text-align-left\" data-align=\"left\">-07<\/td><td class=\"has-text-align-left\" data-align=\"left\">173<\/td><td class=\"has-text-align-left\" data-align=\"left\">L<\/td><\/tr><tr><td class=\"has-text-align-left\" data-align=\"left\">15<\/td><td class=\"has-text-align-left\" data-align=\"left\">Ruohola Aarni<\/td><td class=\"has-text-align-left\" data-align=\"left\">-07<\/td><td class=\"has-text-align-left\" data-align=\"left\">200<\/td><td class=\"has-text-align-left\" data-align=\"left\">KT\/H<\/td><\/tr><\/tbody><\/table><figcaption><br><\/figcaption><\/figure>\n\n\n\n<div class=\"wp-block-columns is-layout-flex wp-container-3 wp-block-columns-is-layout-flex\">\n<div class=\"wp-block-column is-layout-flow wp-block-column-is-layout-flow\" style=\"flex-basis:33.33%\">\n<figure class=\"wp-block-image size-large\"><img decoding=\"async\" loading=\"lazy\" width=\"768\" height=\"1024\" src=\"http:\/\/valepa.fi\/junnu\/wp-content\/uploads\/2023\/04\/Juuso_Palonen-768x1024.jpg\" alt=\"\" class=\"wp-image-14482\" srcset=\"http:\/\/valepa.fi\/junnu\/wp-content\/uploads\/2023\/04\/Juuso_Palonen-768x1024.jpg 768w, http:\/\/valepa.fi\/junnu\/wp-content\/uploads\/2023\/04\/Juuso_Palonen-225x300.jpg 225w, http:\/\/valepa.fi\/junnu\/wp-content\/uploads\/2023\/04\/Juuso_Palonen-1152x1536.jpg 1152w, http:\/\/valepa.fi\/junnu\/wp-content\/uploads\/2023\/04\/Juuso_Palonen-570x760.jpg 570w, http:\/\/valepa.fi\/junnu\/wp-content\/uploads\/2023\/04\/Juuso_Palonen.jpg 1200w\" sizes=\"(max-width: 768px) 100vw, 768px\" \/><\/figure>\n<\/div>\n\n\n\n<div class=\"wp-block-column is-layout-flow wp-block-column-is-layout-flow\" style=\"flex-basis:66.66%\">\n<p>Palonen Juuso, p\u00e4\u00e4valmentaja<\/p>\n\n\n\n<p>Juha Ollikainen, apuvalmentaja<\/p>\n\n\n\n<p>Juha Ruohola, joukkueenjohtaja<\/p>\n<\/div>\n<\/div>\n","protected":false},"excerpt":{"rendered":"<p>Numero Nimi Synt. Pituus Pelirooli 1 Koskela Jussi -07 188 KT 4 Kolunsarka Severi -07 187 YP 5 Niemi Martti -07 180 P 6 Tillander Wille -07 181 H 7 Vesanen Kasper -07 185 YP 8 Lahtinen Lauri -07 182 YP 11 M\u00e4kipelto Roope -07 181 YP 12 T\u00fc\u00fcr Kendron -07 183 YP 13 Nikkinen [&hellip;]<\/p>\n","protected":false},"author":3,"featured_media":0,"parent":0,"menu_order":0,"comment_status":"closed","ping_status":"closed","template":"","meta":{"footnotes":""},"_links":{"self":[{"href":"http:\/\/valepa.fi\/junnu\/wp-json\/wp\/v2\/pages\/14481"}],"collection":[{"href":"http:\/\/valepa.fi\/junnu\/wp-json\/wp\/v2\/pages"}],"about":[{"href":"http:\/\/valepa.fi\/junnu\/wp-json\/wp\/v2\/types\/page"}],"author":[{"embeddable":true,"href":"http:\/\/valepa.fi\/junnu\/wp-json\/wp\/v2\/users\/3"}],"replies":[{"embeddable":true,"href":"http:\/\/valepa.fi\/junnu\/wp-json\/wp\/v2\/comments?post=14481"}],"version-history":[{"count":1,"href":"http:\/\/valepa.fi\/junnu\/wp-json\/wp\/v2\/pages\/14481\/revisions"}],"predecessor-version":[{"id":14484,"href":"http:\/\/valepa.fi\/junnu\/wp-json\/wp\/v2\/pages\/14481\/revisions\/14484"}],"wp:attachment":[{"href":"http:\/\/valepa.fi\/junnu\/wp-json\/wp\/v2\/media?parent=14481"}],"curies":[{"name":"wp","href":"https:\/\/api.w.org\/{rel}","templated":true}]}}