{"id":14499,"date":"2023-04-10T21:52:02","date_gmt":"2023-04-10T18:52:02","guid":{"rendered":"http:\/\/valepa.fi\/junnu\/?page_id=14499"},"modified":"2023-04-10T21:52:04","modified_gmt":"2023-04-10T18:52:04","slug":"kempele","status":"publish","type":"page","link":"http:\/\/valepa.fi\/junnu\/kempele\/","title":{"rendered":"KempeLe"},"content":{"rendered":"\n<figure class=\"wp-block-image size-large\"><img decoding=\"async\" loading=\"lazy\" width=\"1024\" height=\"467\" src=\"http:\/\/valepa.fi\/junnu\/wp-content\/uploads\/2023\/04\/KempeLe-1024x467.jpg\" alt=\"\" class=\"wp-image-14500\" srcset=\"http:\/\/valepa.fi\/junnu\/wp-content\/uploads\/2023\/04\/KempeLe-1024x467.jpg 1024w, http:\/\/valepa.fi\/junnu\/wp-content\/uploads\/2023\/04\/KempeLe-300x137.jpg 300w, http:\/\/valepa.fi\/junnu\/wp-content\/uploads\/2023\/04\/KempeLe-768x350.jpg 768w, http:\/\/valepa.fi\/junnu\/wp-content\/uploads\/2023\/04\/KempeLe-570x260.jpg 570w, http:\/\/valepa.fi\/junnu\/wp-content\/uploads\/2023\/04\/KempeLe-517x235.jpg 517w, http:\/\/valepa.fi\/junnu\/wp-content\/uploads\/2023\/04\/KempeLe.jpg 1280w\" sizes=\"(max-width: 1024px) 100vw, 1024px\" \/><\/figure>\n\n\n\n<figure class=\"wp-block-table is-style-stripes\"><table><thead><tr><th class=\"has-text-align-left\" data-align=\"left\"><strong>Numero<\/strong><\/th><th class=\"has-text-align-left\" data-align=\"left\"><strong>Nimi<\/strong><\/th><th class=\"has-text-align-left\" data-align=\"left\"><strong>Synt<\/strong>.<\/th><th class=\"has-text-align-left\" data-align=\"left\"><strong>Pituus<\/strong><\/th><th class=\"has-text-align-left\" data-align=\"left\"><strong>Pelirooli<\/strong><\/th><\/tr><\/thead><tbody><tr><td class=\"has-text-align-left\" data-align=\"left\">1<\/td><td class=\"has-text-align-left\" data-align=\"left\">Parkkinen Otto<\/td><td class=\"has-text-align-left\" data-align=\"left\">-06<\/td><td class=\"has-text-align-left\" data-align=\"left\">195<\/td><td class=\"has-text-align-left\" data-align=\"left\">H<\/td><\/tr><tr><td class=\"has-text-align-left\" data-align=\"left\">2<\/td><td class=\"has-text-align-left\" data-align=\"left\">Makkonen Miikku<\/td><td class=\"has-text-align-left\" data-align=\"left\">-06<\/td><td class=\"has-text-align-left\" data-align=\"left\">199<\/td><td class=\"has-text-align-left\" data-align=\"left\">KT<\/td><\/tr><tr><td class=\"has-text-align-left\" data-align=\"left\">6<\/td><td class=\"has-text-align-left\" data-align=\"left\">M\u00e4\u00e4tt\u00e4 Mikko<\/td><td class=\"has-text-align-left\" data-align=\"left\">-06<\/td><td class=\"has-text-align-left\" data-align=\"left\">190<\/td><td class=\"has-text-align-left\" data-align=\"left\">YP<\/td><\/tr><tr><td class=\"has-text-align-left\" data-align=\"left\">7<\/td><td class=\"has-text-align-left\" data-align=\"left\">H\u00e4nninen Aleksi<\/td><td class=\"has-text-align-left\" data-align=\"left\">-06<\/td><td class=\"has-text-align-left\" data-align=\"left\">192<\/td><td class=\"has-text-align-left\" data-align=\"left\">YP<\/td><\/tr><tr><td class=\"has-text-align-left\" data-align=\"left\">15<\/td><td class=\"has-text-align-left\" data-align=\"left\">Puhakka Juho-Markus<\/td><td class=\"has-text-align-left\" data-align=\"left\">-07<\/td><td class=\"has-text-align-left\" data-align=\"left\">183<\/td><td class=\"has-text-align-left\" data-align=\"left\">P<\/td><\/tr><tr><td class=\"has-text-align-left\" data-align=\"left\">16<\/td><td class=\"has-text-align-left\" data-align=\"left\">Pet\u00e4nen Eetu<\/td><td class=\"has-text-align-left\" data-align=\"left\">-06<\/td><td class=\"has-text-align-left\" data-align=\"left\">195<\/td><td class=\"has-text-align-left\" data-align=\"left\">KT<\/td><\/tr><tr><td class=\"has-text-align-left\" data-align=\"left\">17<\/td><td class=\"has-text-align-left\" data-align=\"left\">M\u00e4kikyr\u00f6 Atte<\/td><td class=\"has-text-align-left\" data-align=\"left\">-07<\/td><td class=\"has-text-align-left\" data-align=\"left\">182<\/td><td class=\"has-text-align-left\" data-align=\"left\">P<\/td><\/tr><tr><td class=\"has-text-align-left\" data-align=\"left\">18<\/td><td class=\"has-text-align-left\" data-align=\"left\">Kurikka Topias<\/td><td class=\"has-text-align-left\" data-align=\"left\">-06<\/td><td class=\"has-text-align-left\" data-align=\"left\">188<\/td><td class=\"has-text-align-left\" data-align=\"left\">KT<\/td><\/tr><tr><td class=\"has-text-align-left\" data-align=\"left\">20 <\/td><td class=\"has-text-align-left\" data-align=\"left\">Kurikka Tapio<\/td><td class=\"has-text-align-left\" data-align=\"left\">-08<\/td><td class=\"has-text-align-left\" data-align=\"left\">189<\/td><td class=\"has-text-align-left\" data-align=\"left\">KT<\/td><\/tr><tr><td class=\"has-text-align-left\" data-align=\"left\">89 <\/td><td class=\"has-text-align-left\" data-align=\"left\">Turpeinen Jaakko<\/td><td class=\"has-text-align-left\" data-align=\"left\">-07<\/td><td class=\"has-text-align-left\" data-align=\"left\">192<\/td><td class=\"has-text-align-left\" data-align=\"left\">L<\/td><\/tr><\/tbody><\/table><\/figure>\n\n\n\n<div class=\"wp-block-columns is-layout-flex wp-container-3 wp-block-columns-is-layout-flex\">\n<div class=\"wp-block-column is-layout-flow wp-block-column-is-layout-flow\" style=\"flex-basis:33.33%\">\n<figure class=\"wp-block-image size-full\"><img decoding=\"async\" loading=\"lazy\" width=\"481\" height=\"640\" src=\"http:\/\/valepa.fi\/junnu\/wp-content\/uploads\/2023\/04\/Ismo_Turpeinnen.jpeg\" alt=\"\" class=\"wp-image-14501\" srcset=\"http:\/\/valepa.fi\/junnu\/wp-content\/uploads\/2023\/04\/Ismo_Turpeinnen.jpeg 481w, http:\/\/valepa.fi\/junnu\/wp-content\/uploads\/2023\/04\/Ismo_Turpeinnen-225x300.jpeg 225w\" sizes=\"(max-width: 481px) 100vw, 481px\" \/><\/figure>\n<\/div>\n\n\n\n<div class=\"wp-block-column is-layout-flow wp-block-column-is-layout-flow\" style=\"flex-basis:66.66%\">\n<p>P\u00e4\u00e4valmentaja Turpeinen Ismo<\/p>\n\n\n\n<p>Apuvalmentaja M\u00e4kikyr\u00f6 Tero<\/p>\n\n\n\n<p>Joukkueenjohtaja Kurikka Taneli<\/p>\n<\/div>\n<\/div>\n","protected":false},"excerpt":{"rendered":"<p>Numero Nimi Synt. Pituus Pelirooli 1 Parkkinen Otto -06 195 H 2 Makkonen Miikku -06 199 KT 6 M\u00e4\u00e4tt\u00e4 Mikko -06 190 YP 7 H\u00e4nninen Aleksi -06 192 YP 15 Puhakka Juho-Markus -07 183 P 16 Pet\u00e4nen Eetu -06 195 KT 17 M\u00e4kikyr\u00f6 Atte -07 182 P 18 Kurikka Topias -06 188 KT 20 Kurikka [&hellip;]<\/p>\n","protected":false},"author":3,"featured_media":0,"parent":0,"menu_order":0,"comment_status":"closed","ping_status":"closed","template":"","meta":{"footnotes":""},"_links":{"self":[{"href":"http:\/\/valepa.fi\/junnu\/wp-json\/wp\/v2\/pages\/14499"}],"collection":[{"href":"http:\/\/valepa.fi\/junnu\/wp-json\/wp\/v2\/pages"}],"about":[{"href":"http:\/\/valepa.fi\/junnu\/wp-json\/wp\/v2\/types\/page"}],"author":[{"embeddable":true,"href":"http:\/\/valepa.fi\/junnu\/wp-json\/wp\/v2\/users\/3"}],"replies":[{"embeddable":true,"href":"http:\/\/valepa.fi\/junnu\/wp-json\/wp\/v2\/comments?post=14499"}],"version-history":[{"count":1,"href":"http:\/\/valepa.fi\/junnu\/wp-json\/wp\/v2\/pages\/14499\/revisions"}],"predecessor-version":[{"id":14502,"href":"http:\/\/valepa.fi\/junnu\/wp-json\/wp\/v2\/pages\/14499\/revisions\/14502"}],"wp:attachment":[{"href":"http:\/\/valepa.fi\/junnu\/wp-json\/wp\/v2\/media?parent=14499"}],"curies":[{"name":"wp","href":"https:\/\/api.w.org\/{rel}","templated":true}]}}