{"id":14505,"date":"2023-04-10T22:05:02","date_gmt":"2023-04-10T19:05:02","guid":{"rendered":"http:\/\/valepa.fi\/junnu\/?page_id=14505"},"modified":"2023-04-10T22:05:03","modified_gmt":"2023-04-10T19:05:03","slug":"osva","status":"publish","type":"page","link":"http:\/\/valepa.fi\/junnu\/osva\/","title":{"rendered":"OsVa"},"content":{"rendered":"\n<figure class=\"wp-block-image size-large\"><img decoding=\"async\" loading=\"lazy\" width=\"1024\" height=\"576\" src=\"http:\/\/valepa.fi\/junnu\/wp-content\/uploads\/2023\/04\/OsVa-1024x576.jpg\" alt=\"\" class=\"wp-image-14506\" srcset=\"http:\/\/valepa.fi\/junnu\/wp-content\/uploads\/2023\/04\/OsVa-1024x576.jpg 1024w, http:\/\/valepa.fi\/junnu\/wp-content\/uploads\/2023\/04\/OsVa-300x169.jpg 300w, http:\/\/valepa.fi\/junnu\/wp-content\/uploads\/2023\/04\/OsVa-768x432.jpg 768w, http:\/\/valepa.fi\/junnu\/wp-content\/uploads\/2023\/04\/OsVa-1536x864.jpg 1536w, http:\/\/valepa.fi\/junnu\/wp-content\/uploads\/2023\/04\/OsVa-570x321.jpg 570w, http:\/\/valepa.fi\/junnu\/wp-content\/uploads\/2023\/04\/OsVa-1110x624.jpg 1110w, http:\/\/valepa.fi\/junnu\/wp-content\/uploads\/2023\/04\/OsVa.jpg 1600w\" sizes=\"(max-width: 1024px) 100vw, 1024px\" \/><\/figure>\n\n\n\n<figure class=\"wp-block-table is-style-stripes\"><table><thead><tr><th class=\"has-text-align-left\" data-align=\"left\"><strong>Numero<\/strong><\/th><th class=\"has-text-align-left\" data-align=\"left\"><strong>Nimi<\/strong><\/th><th class=\"has-text-align-left\" data-align=\"left\"><strong>Synt<\/strong>.<\/th><th class=\"has-text-align-left\" data-align=\"left\"><strong>Pituus<\/strong><\/th><th class=\"has-text-align-left\" data-align=\"left\"><strong>Pelirooli<\/strong><\/th><\/tr><\/thead><tbody><tr><td class=\"has-text-align-left\" data-align=\"left\">1<\/td><td class=\"has-text-align-left\" data-align=\"left\">Aleksi Illikainen<\/td><td class=\"has-text-align-left\" data-align=\"left\">-07<\/td><td class=\"has-text-align-left\" data-align=\"left\">180<\/td><td class=\"has-text-align-left\" data-align=\"left\">H<\/td><\/tr><tr><td class=\"has-text-align-left\" data-align=\"left\">5<\/td><td class=\"has-text-align-left\" data-align=\"left\">Riku Kaaretkoski<\/td><td class=\"has-text-align-left\" data-align=\"left\">-08<\/td><td class=\"has-text-align-left\" data-align=\"left\">187<\/td><td class=\"has-text-align-left\" data-align=\"left\">KT<\/td><\/tr><tr><td class=\"has-text-align-left\" data-align=\"left\">6<\/td><td class=\"has-text-align-left\" data-align=\"left\">Aadam Mousaddek<\/td><td class=\"has-text-align-left\" data-align=\"left\">-06<\/td><td class=\"has-text-align-left\" data-align=\"left\">175<\/td><td class=\"has-text-align-left\" data-align=\"left\">L<\/td><\/tr><tr><td class=\"has-text-align-left\" data-align=\"left\">7<\/td><td class=\"has-text-align-left\" data-align=\"left\">Kaapo Vanhatupa<\/td><td class=\"has-text-align-left\" data-align=\"left\">-08<\/td><td class=\"has-text-align-left\" data-align=\"left\">186<\/td><td class=\"has-text-align-left\" data-align=\"left\">YP<\/td><\/tr><tr><td class=\"has-text-align-left\" data-align=\"left\">8<\/td><td class=\"has-text-align-left\" data-align=\"left\">Ville Kuukasj\u00e4rvi<\/td><td class=\"has-text-align-left\" data-align=\"left\">-06<\/td><td class=\"has-text-align-left\" data-align=\"left\">188<\/td><td class=\"has-text-align-left\" data-align=\"left\">H\/P<\/td><\/tr><tr><td class=\"has-text-align-left\" data-align=\"left\">9<\/td><td class=\"has-text-align-left\" data-align=\"left\">Miska Verronen<\/td><td class=\"has-text-align-left\" data-align=\"left\">-06<\/td><td class=\"has-text-align-left\" data-align=\"left\">183<\/td><td class=\"has-text-align-left\" data-align=\"left\">YP<\/td><\/tr><tr><td class=\"has-text-align-left\" data-align=\"left\">10<\/td><td class=\"has-text-align-left\" data-align=\"left\">Filip Karjalainen<\/td><td class=\"has-text-align-left\" data-align=\"left\">-09<\/td><td class=\"has-text-align-left\" data-align=\"left\">175<\/td><td class=\"has-text-align-left\" data-align=\"left\">P<\/td><\/tr><tr><td class=\"has-text-align-left\" data-align=\"left\">12<\/td><td class=\"has-text-align-left\" data-align=\"left\">V\u00e4in\u00f6 Suominen<\/td><td class=\"has-text-align-left\" data-align=\"left\">-07<\/td><td class=\"has-text-align-left\" data-align=\"left\">183<\/td><td class=\"has-text-align-left\" data-align=\"left\">KT<\/td><\/tr><tr><td class=\"has-text-align-left\" data-align=\"left\">15 <\/td><td class=\"has-text-align-left\" data-align=\"left\">Eeli Kuukasj\u00e4rvi<\/td><td class=\"has-text-align-left\" data-align=\"left\">-08<\/td><td class=\"has-text-align-left\" data-align=\"left\">183<\/td><td class=\"has-text-align-left\" data-align=\"left\">P<\/td><\/tr><tr><td class=\"has-text-align-left\" data-align=\"left\">16 <\/td><td class=\"has-text-align-left\" data-align=\"left\">Aatu Hurtig<\/td><td class=\"has-text-align-left\" data-align=\"left\">-07<\/td><td class=\"has-text-align-left\" data-align=\"left\">187<\/td><td class=\"has-text-align-left\" data-align=\"left\">KT<\/td><\/tr><tr><td class=\"has-text-align-left\" data-align=\"left\">17<\/td><td class=\"has-text-align-left\" data-align=\"left\">Joona Honkakunnas<\/td><td class=\"has-text-align-left\" data-align=\"left\">-06<\/td><td class=\"has-text-align-left\" data-align=\"left\">179<\/td><td class=\"has-text-align-left\" data-align=\"left\">KT<\/td><\/tr><\/tbody><\/table><\/figure>\n\n\n\n<div class=\"wp-block-columns is-layout-flex wp-container-3 wp-block-columns-is-layout-flex\">\n<div class=\"wp-block-column is-layout-flow wp-block-column-is-layout-flow\" style=\"flex-basis:33.33%\">\n<figure class=\"wp-block-image size-full\"><img decoding=\"async\" loading=\"lazy\" width=\"481\" height=\"640\" src=\"http:\/\/valepa.fi\/junnu\/wp-content\/uploads\/2023\/04\/Leena_Kuukasjarvi.jpeg\" alt=\"\" class=\"wp-image-14507\" srcset=\"http:\/\/valepa.fi\/junnu\/wp-content\/uploads\/2023\/04\/Leena_Kuukasjarvi.jpeg 481w, http:\/\/valepa.fi\/junnu\/wp-content\/uploads\/2023\/04\/Leena_Kuukasjarvi-225x300.jpeg 225w\" sizes=\"(max-width: 481px) 100vw, 481px\" \/><\/figure>\n<\/div>\n\n\n\n<div class=\"wp-block-column is-layout-flow wp-block-column-is-layout-flow\" style=\"flex-basis:66.66%\">\n<p>P\u00e4\u00e4valmentaja Leena Kuukasj\u00e4rvi<\/p>\n<\/div>\n<\/div>\n","protected":false},"excerpt":{"rendered":"<p>Numero Nimi Synt. Pituus Pelirooli 1 Aleksi Illikainen -07 180 H 5 Riku Kaaretkoski -08 187 KT 6 Aadam Mousaddek -06 175 L 7 Kaapo Vanhatupa -08 186 YP 8 Ville Kuukasj\u00e4rvi -06 188 H\/P 9 Miska Verronen -06 183 YP 10 Filip Karjalainen -09 175 P 12 V\u00e4in\u00f6 Suominen -07 183 KT 15 Eeli [&hellip;]<\/p>\n","protected":false},"author":3,"featured_media":0,"parent":0,"menu_order":0,"comment_status":"closed","ping_status":"closed","template":"","meta":{"footnotes":""},"_links":{"self":[{"href":"http:\/\/valepa.fi\/junnu\/wp-json\/wp\/v2\/pages\/14505"}],"collection":[{"href":"http:\/\/valepa.fi\/junnu\/wp-json\/wp\/v2\/pages"}],"about":[{"href":"http:\/\/valepa.fi\/junnu\/wp-json\/wp\/v2\/types\/page"}],"author":[{"embeddable":true,"href":"http:\/\/valepa.fi\/junnu\/wp-json\/wp\/v2\/users\/3"}],"replies":[{"embeddable":true,"href":"http:\/\/valepa.fi\/junnu\/wp-json\/wp\/v2\/comments?post=14505"}],"version-history":[{"count":1,"href":"http:\/\/valepa.fi\/junnu\/wp-json\/wp\/v2\/pages\/14505\/revisions"}],"predecessor-version":[{"id":14508,"href":"http:\/\/valepa.fi\/junnu\/wp-json\/wp\/v2\/pages\/14505\/revisions\/14508"}],"wp:attachment":[{"href":"http:\/\/valepa.fi\/junnu\/wp-json\/wp\/v2\/media?parent=14505"}],"curies":[{"name":"wp","href":"https:\/\/api.w.org\/{rel}","templated":true}]}}