{"id":1572,"date":"2021-10-19T14:33:57","date_gmt":"2021-10-19T11:33:57","guid":{"rendered":"https:\/\/valepa.fi\/junnu\/?page_id=1572"},"modified":"2026-02-17T15:36:34","modified_gmt":"2026-02-17T13:36:34","slug":"lentopallolinja","status":"publish","type":"page","link":"http:\/\/valepa.fi\/junnu\/lentopallolinja\/","title":{"rendered":"Lentopallolinja"},"content":{"rendered":"\n<p>Hae opiskelemaan Lentopallolinjalle Sastamalaan! Lentopallolinjalla yhdist\u00e4t korkealaatuisen lukiokoulutuksen tai ammatillisen koulutuksen ja kehittymisen lentopalloilijana. Linjan opiskelijana voit saada 20 opintopistett\u00e4 tavoitteellisesta harjoittelusta.<\/p>\n\n\n\n<figure class=\"wp-block-image size-large\"><img decoding=\"async\" loading=\"lazy\" width=\"1024\" height=\"683\" src=\"http:\/\/valepa.fi\/junnu\/wp-content\/uploads\/2024\/02\/Vammalanlukiomarkkinointi-34-1-1024x683.jpg\" alt=\"\" class=\"wp-image-19965\" srcset=\"http:\/\/valepa.fi\/junnu\/wp-content\/uploads\/2024\/02\/Vammalanlukiomarkkinointi-34-1-1024x683.jpg 1024w, http:\/\/valepa.fi\/junnu\/wp-content\/uploads\/2024\/02\/Vammalanlukiomarkkinointi-34-1-300x200.jpg 300w, http:\/\/valepa.fi\/junnu\/wp-content\/uploads\/2024\/02\/Vammalanlukiomarkkinointi-34-1-768x512.jpg 768w, http:\/\/valepa.fi\/junnu\/wp-content\/uploads\/2024\/02\/Vammalanlukiomarkkinointi-34-1-570x380.jpg 570w, http:\/\/valepa.fi\/junnu\/wp-content\/uploads\/2024\/02\/Vammalanlukiomarkkinointi-34-1.jpg 1200w\" sizes=\"(max-width: 1024px) 100vw, 1024px\" \/><figcaption class=\"wp-element-caption\">Kuva @henniinavisuals<\/figcaption><\/figure>\n\n\n\n<p>Lentopallolinjan opiskelijat harjoittelevat tavoitteellisesti kahtena aamuna viikossa VaLePan kotihallissa Vexve areenalla. Laadukkaat aamutreenit luovat edellytykset kehitty\u00e4 urheilijana seuraavalle tasolle. <\/p>\n\n\n\n<p>Sastamalassa pystyt suorittamaan toisen asteen opinnot ja yhdist\u00e4m\u00e4\u00e4n harjoittelun. Lentopallolinja tarjoaa mahdollisuuden lentopallon aamuharjoitteluun Vammalan lukion ja SASKY koulutuskuntayhtym\u00e4n opiskelijoille.<\/p>\n\n\n\n<ul>\n<li>Mahdollisuus osallistua lajitreeneihin 2\u20133 aamup\u00e4iv\u00e4n\u00e4 viikossa<\/li>\n\n\n\n<li>Voit osallistua harjoitusohjelmassa oleviin leireihin<\/li>\n\n\n\n<li>Aamutreeneihin osallistuville ja heid\u00e4n huoltajilleen j\u00e4rjestet\u00e4\u00e4n syksyll\u00e4 infotilaisuus, jossa kerrotaan k\u00e4yt\u00e4nn\u00f6n j\u00e4rjestelyist\u00e4<\/li>\n\n\n\n<li>Jokaiselle opiskelijalle tehd\u00e4\u00e4n ammatillisiin opintoihin yksil\u00f6llinen suunnitelma<\/li>\n\n\n\n<li>Urheilun ja opintojen yhdist\u00e4minen vaatii sinulta opiskelijana vastuullisuutta ja ahkeruutta<\/li>\n<\/ul>\n\n\n\n<p>Lentopallolinjalla opiskeleva harjoittelee tavoitteellisesti kahtena aamuna viikossa. Lentopallolinjan valmennuksesta vastaa JunnuValepa ja linjan valmentajana toimii Saara Esko. Olet tervetullut tutustumaan linjan harjoituksiin, ota yhteytt\u00e4 Saaraan, p. <a href=\"tel:+3580505936317\">050 593 6317<\/a> ja sovi sopiva aika!<\/p>\n\n\n\n<p>Lentopallolinjalle voidaan valita vuosittain 20 opiskelijaa.\u00a0<\/p>\n\n\n\n<figure class=\"wp-block-embed is-type-video is-provider-youtube wp-block-embed-youtube wp-embed-aspect-16-9 wp-has-aspect-ratio\"><div class=\"wp-block-embed__wrapper\">\n<iframe loading=\"lazy\" title=\"Hae Sastamalan Lentopallolinjalle kev\u00e4\u00e4n yhteishaussa\" width=\"1140\" height=\"641\" src=\"https:\/\/www.youtube.com\/embed\/F0mzWOXjpes?feature=oembed\" frameborder=\"0\" allow=\"accelerometer; autoplay; clipboard-write; encrypted-media; gyroscope; picture-in-picture; web-share\" referrerpolicy=\"strict-origin-when-cross-origin\" allowfullscreen><\/iframe>\n<\/div><\/figure>\n\n\n\n<div class=\"wp-block-columns is-layout-flex wp-container-3 wp-block-columns-is-layout-flex\">\n<div class=\"wp-block-column is-layout-flow wp-block-column-is-layout-flow\">\n<figure class=\"wp-block-embed is-type-video is-provider-youtube wp-block-embed-youtube wp-embed-aspect-16-9 wp-has-aspect-ratio\"><div class=\"wp-block-embed__wrapper\">\n<iframe loading=\"lazy\" title=\"Lentopallolinjalla Veeti Esko\" width=\"1140\" height=\"641\" src=\"https:\/\/www.youtube.com\/embed\/ip1o647FL_M?feature=oembed\" frameborder=\"0\" allow=\"accelerometer; autoplay; clipboard-write; encrypted-media; gyroscope; picture-in-picture; web-share\" referrerpolicy=\"strict-origin-when-cross-origin\" allowfullscreen><\/iframe>\n<\/div><\/figure>\n<\/div>\n\n\n\n<div class=\"wp-block-column is-layout-flow wp-block-column-is-layout-flow\">\n<figure class=\"wp-block-embed is-type-video is-provider-youtube wp-block-embed-youtube wp-embed-aspect-16-9 wp-has-aspect-ratio\"><div class=\"wp-block-embed__wrapper\">\n<iframe loading=\"lazy\" title=\"Lentopallolinjalla Elli Jalonen\" width=\"1140\" height=\"641\" src=\"https:\/\/www.youtube.com\/embed\/pBxX3l8JO2I?feature=oembed\" frameborder=\"0\" allow=\"accelerometer; autoplay; clipboard-write; encrypted-media; gyroscope; picture-in-picture; web-share\" referrerpolicy=\"strict-origin-when-cross-origin\" allowfullscreen><\/iframe>\n<\/div><\/figure>\n<\/div>\n<\/div>\n\n\n\n<div class=\"wp-block-columns is-layout-flex wp-container-6 wp-block-columns-is-layout-flex\">\n<div class=\"wp-block-column is-layout-flow wp-block-column-is-layout-flow\">\n<figure class=\"wp-block-embed is-type-video is-provider-youtube wp-block-embed-youtube wp-embed-aspect-16-9 wp-has-aspect-ratio\"><div class=\"wp-block-embed__wrapper\">\n<iframe loading=\"lazy\" title=\"Lentopallolinjalla Veeti Hiitti\" width=\"1140\" height=\"641\" src=\"https:\/\/www.youtube.com\/embed\/U1YQCy-mUQA?feature=oembed\" frameborder=\"0\" allow=\"accelerometer; autoplay; clipboard-write; encrypted-media; gyroscope; picture-in-picture; web-share\" referrerpolicy=\"strict-origin-when-cross-origin\" allowfullscreen><\/iframe>\n<\/div><\/figure>\n<\/div>\n\n\n\n<div class=\"wp-block-column is-layout-flow wp-block-column-is-layout-flow\">\n<figure class=\"wp-block-embed is-type-video is-provider-youtube wp-block-embed-youtube wp-embed-aspect-16-9 wp-has-aspect-ratio\"><div class=\"wp-block-embed__wrapper\">\n<iframe loading=\"lazy\" title=\"Hae opiskelemaan Lentopallolinjalle Sastamalaan\" width=\"1140\" height=\"641\" src=\"https:\/\/www.youtube.com\/embed\/Fr_YGjk6D-U?feature=oembed\" frameborder=\"0\" allow=\"accelerometer; autoplay; clipboard-write; encrypted-media; gyroscope; picture-in-picture; web-share\" referrerpolicy=\"strict-origin-when-cross-origin\" allowfullscreen><\/iframe>\n<\/div><\/figure>\n<\/div>\n<\/div>\n\n\n\n<h2 class=\"wp-block-heading\">Lentopallolinjan Virtuaaliesittely<\/h2>\n\n\n\n<p><a rel=\"noreferrer noopener\" href=\"https:\/\/pirttikoskifi-my.sharepoint.com\/:v:\/g\/personal\/jaakko_pirttikoski_fi\/EaMiABCOrkJBtDHT5i1fi6QBYz6e-qHjzRcg51T6LnPAbg?e=MgKDE8&amp;nav=eyJyZWZlcnJhbEluZm8iOnsicmVmZXJyYWxBcHAiOiJTdHJlYW1XZWJBcHAiLCJyZWZlcnJhbFZpZXciOiJTaGFyZURpYWxvZy1MaW5rIiwicmVmZXJyYWxBcHBQbGF0Zm9ybSI6IldlYiIsInJlZmVycmFsTW9kZSI6InZpZXcifX0%3D\" target=\"_blank\">T\u00e4st\u00e4 p\u00e4\u00e4set katsomaan tallenteen Teamsissa pidetyst\u00e4 Lentopallolinjan virtuaaliesittelyst\u00e4.<\/a><\/p>\n\n\n\n<p>Teams-illassa p\u00e4\u00e4set tutustumaan opiskeluun Sastamalassa sek\u00e4 Lentopallolinjan harjoituksiin. Virtuaaliesittelyss\u00e4 ovat mukana Vammalan lukion rehtori Leeni Kirvesm\u00e4ki, Lentopallolinjan valmentaja Saara Esko sek\u00e4 JunnuValepan sihteeri Jaakko Pirttikoski.<\/p>\n\n\n\n<h2 class=\"wp-block-heading\">Pelaaminen, asuminen ja liikkuminen<\/h2>\n\n\n\n<p>Sastamalasta ja Sastamalan l\u00e4heisyydest\u00e4 l\u00f6ytyy monta tasokasta joukkuetta ja seuraa, josta l\u00f6ytyy varmasti jokaisen tasolle hyvi\u00e4 vaihtoehtoja kehitty\u00e4 harjoittelun ja koulunk\u00e4ynnin ohella aina juniorisarjoista liigajoukkueisiin asti. Esimerkkein\u00e4 l\u00e4hell\u00e4 olevat seurat eri sarjatasoilla t\u00e4ll\u00e4 hetkell\u00e4.&nbsp;<\/p>\n\n\n\n<ul>\n<li>L\u00e4hell\u00e4 olevat liigajoukkueet: VaLePa ja LP-Vampula<\/li>\n\n\n\n<li>L\u00e4hell\u00e4 olevat 1-sarjajoukkueet: LP-Vampula ja Luja Lukko\/Lempo Volley\/Rantaperki\u00f6n Isku<\/li>\n\n\n\n<li>L\u00e4hell\u00e4 olevat 2-sarjajoukkueet: VaLePa ja LP-Vampula<\/li>\n<\/ul>\n\n\n\n<p>Lentopallolinjan opiskelijan on mahdollista pelata juniori- ja\/tai aikuissarjoja.<\/p>\n\n\n\n<p>Sastamalaan p\u00e4\u00e4see p\u00e4ivitt\u00e4in k\u00e4tev\u00e4sti linja-autolla ja junalla esimerkiksi Tampereelta, Nokialta, Huittisista ja Porista.<\/p>\n\n\n\n<p>Vammalan lukiolla ei ole asuntolaa, mutta Vammalan lukiolta voi tiedustella asumismahdollisuuksia Sastamalassa. Kauempaa tulleidenkin on helppo l\u00f6yt\u00e4\u00e4 vuokra-asunto l\u00e4helt\u00e4 koulua ja harjoittelupaikkoja.<\/p>\n\n\n\n<figure class=\"wp-block-embed is-type-video is-provider-youtube wp-block-embed-youtube wp-embed-aspect-16-9 wp-has-aspect-ratio\"><div class=\"wp-block-embed__wrapper\">\n<iframe loading=\"lazy\" title=\"Lentopallolinjalla opiskelevat Vilja-Lotta Vainiola ja Maria Santala kehuvat tiivist\u00e4 yhteishenke\u00e4\" width=\"1140\" height=\"641\" src=\"https:\/\/www.youtube.com\/embed\/zu7K0uXjTyw?feature=oembed\" frameborder=\"0\" allow=\"accelerometer; autoplay; clipboard-write; encrypted-media; gyroscope; picture-in-picture; web-share\" referrerpolicy=\"strict-origin-when-cross-origin\" allowfullscreen><\/iframe>\n<\/div><\/figure>\n\n\n\n<div class=\"wp-block-columns is-layout-flex wp-container-9 wp-block-columns-is-layout-flex\">\n<div class=\"wp-block-column is-layout-flow wp-block-column-is-layout-flow\">\n<figure class=\"wp-block-embed is-type-video is-provider-youtube wp-block-embed-youtube wp-embed-aspect-16-9 wp-has-aspect-ratio\"><div class=\"wp-block-embed__wrapper\">\n<iframe loading=\"lazy\" title=\"Anselmi Ryypp\u00e4 vinkkaa hakemaan Sastamalan Lentopallolinjalle\" width=\"1140\" height=\"641\" src=\"https:\/\/www.youtube.com\/embed\/Sy133_iuc38?feature=oembed\" frameborder=\"0\" allow=\"accelerometer; autoplay; clipboard-write; encrypted-media; gyroscope; picture-in-picture; web-share\" referrerpolicy=\"strict-origin-when-cross-origin\" allowfullscreen><\/iframe>\n<\/div><\/figure>\n<\/div>\n\n\n\n<div class=\"wp-block-column is-layout-flow wp-block-column-is-layout-flow\">\n<figure class=\"wp-block-embed is-type-video is-provider-youtube wp-block-embed-youtube wp-embed-aspect-16-9 wp-has-aspect-ratio\"><div class=\"wp-block-embed__wrapper\">\n<iframe loading=\"lazy\" title=\"Matti Maijala yhdisti lentopallouran ja laadukkaat lukio-opinnot\" width=\"1140\" height=\"641\" src=\"https:\/\/www.youtube.com\/embed\/n32DVdU3G0I?feature=oembed\" frameborder=\"0\" allow=\"accelerometer; autoplay; clipboard-write; encrypted-media; gyroscope; picture-in-picture; web-share\" referrerpolicy=\"strict-origin-when-cross-origin\" allowfullscreen><\/iframe>\n<\/div><\/figure>\n<\/div>\n<\/div>\n\n\n\n<h2 class=\"wp-block-heading\">N\u00e4in haet Lentopallolinjalle<\/h2>\n\n\n\n<p>Sastamalan Lentopallolinjalle voit hakea kev\u00e4\u00e4n yhteishaussa <a rel=\"noreferrer noopener\" href=\"https:\/\/opintopolku.fi\/\" target=\"_blank\">Opintopolussa<\/a> Lentopallo- ja urheilulinjan hakulomakkeella. Kev\u00e4\u00e4n 2026 perusopetuksen j\u00e4lkeisen koulutuksen yhteishaku alkaa 17.2.2026 klo 8.00 ja p\u00e4\u00e4ttyy 17.3.2026 klo 15.00. Opinnot alkavat syksyll\u00e4 2026.<\/p>\n\n\n\n<p>Linjalle hakeva voi saada 20 valintapistett\u00e4. Korkeintaan 10 pistett\u00e4 saa peruskoulun p\u00e4\u00e4tt\u00f6todistuksesta (lukuaineiden keskiarvo) ja 10 pistett\u00e4 urheilullisista saavutuksista ja harrastuneisuudesta. Pisteytyksess\u00e4 noudatetaan lajiliittopisteytyksen periaatteita. Pisteytys tehd\u00e4\u00e4n yhteisty\u00f6ss\u00e4 Valepan kanssa.<\/p>\n\n\n\n<p><strong>Urheilupisteet<\/strong><\/p>\n\n\n\n<ul>\n<li>5,1 &#8211; 6: lajin huippulahjakkuus (l\u00e4hell\u00e4 ik\u00e4luokan kansainv\u00e4list\u00e4 tasoa, joukkuelajeissa johtava pelaaja\/urheilija maajoukkueessa)<\/li>\n\n\n\n<li>4,1 &#8211; 5,0: ik\u00e4luokan maajoukkueurheilija (joukkuelajit), SM-mitalitaso (yksil\u00f6lajit)<\/li>\n\n\n\n<li>2,1 &#8211; 4,0: SM-pistesijoilla (yksil\u00f6lajit), alue-, piirijoukkuetaso, maajoukkue-ehdokas (joukkuelajit)<\/li>\n\n\n\n<li>1,0 &#8211; 2,0: seuratason aktiivi, ei meriittej\u00e4<\/li>\n\n\n\n<li>0 pistett\u00e4: k\u00e4ytet\u00e4\u00e4n vain jos ei ole mit\u00e4\u00e4n tietoja<\/li>\n<\/ul>\n\n\n\n<p><strong>Soveltuvuuspisteet<\/strong><\/p>\n\n\n\n<p>Pisteytyksess\u00e4 huomioidaan mm. seuraavia seikkoja (ei t\u00e4rkeysj\u00e4rjestyksess\u00e4):<\/p>\n\n\n\n<ul>\n<li>lajin harjoittelu- ja\/tai valmennusolosuhteet<\/li>\n\n\n\n<li>hakijan edellytykset\/motivaatio opiskeluun<\/li>\n\n\n\n<li>hakijan urheilullinen potentiaali ja monipuolisuus<\/li>\n\n\n\n<li>muut mahdolliset seikat<\/li>\n<\/ul>\n\n\n\n<p>Lentopallo- ja urheilulinjalle valittavan opiskelijan lukuaineiden keskiarvon tulee olla v\u00e4hint\u00e4\u00e4n 7,0.<\/p>\n\n\n\n<div class=\"wp-block-columns is-layout-flex wp-container-12 wp-block-columns-is-layout-flex\">\n<div class=\"wp-block-column is-layout-flow wp-block-column-is-layout-flow\">\n<figure class=\"wp-block-embed is-type-video is-provider-youtube wp-block-embed-youtube wp-embed-aspect-16-9 wp-has-aspect-ratio\"><div class=\"wp-block-embed__wrapper\">\n<iframe loading=\"lazy\" title=\"Sastamalan Lentopallolinjalla - Vilja-Lotta Vainiola ja Anselmi Ryypp\u00e4\" width=\"1140\" height=\"641\" src=\"https:\/\/www.youtube.com\/embed\/FKd8Cxj5dic?feature=oembed\" frameborder=\"0\" allow=\"accelerometer; autoplay; clipboard-write; encrypted-media; gyroscope; picture-in-picture; web-share\" referrerpolicy=\"strict-origin-when-cross-origin\" allowfullscreen><\/iframe>\n<\/div><\/figure>\n<\/div>\n\n\n\n<div class=\"wp-block-column is-layout-flow wp-block-column-is-layout-flow\">\n<figure class=\"wp-block-embed is-type-video is-provider-youtube wp-block-embed-youtube wp-embed-aspect-16-9 wp-has-aspect-ratio\"><div class=\"wp-block-embed__wrapper\">\n<iframe loading=\"lazy\" title=\"Tule Lentopallolinjalle Sastamalaan\" width=\"1140\" height=\"641\" src=\"https:\/\/www.youtube.com\/embed\/NPPvDxIH8qE?feature=oembed\" frameborder=\"0\" allow=\"accelerometer; autoplay; clipboard-write; encrypted-media; gyroscope; picture-in-picture; web-share\" referrerpolicy=\"strict-origin-when-cross-origin\" allowfullscreen><\/iframe>\n<\/div><\/figure>\n<\/div>\n<\/div>\n\n\n\n<h2 class=\"wp-block-heading\">Lis\u00e4tietoa lentopallolinjasta ja hakemisesta:&nbsp;<\/h2>\n\n\n\n<p><a href=\"https:\/\/sasky.fi\/oppilaitokset\/vammalan-ammattikoulu\/lentopallolinja\/\" target=\"_blank\" rel=\"noreferrer noopener\">Sasky.fi\/ &#8211; Lentopallolinja<\/a><\/p>\n\n\n\n<p><a href=\"https:\/\/vammalanlukio.fi\/sivu.tmpl?sivu_id=11788\" target=\"_blank\" rel=\"noreferrer noopener\">Vammalanlukio.fi &#8211; Lentopallolinja<\/a><\/p>\n\n\n\n<p><a href=\"https:\/\/opintopolku.fi\/konfo\/fi\/sivu\/demolomake-on-avattu-harjoittele-yhteishaun-hakulomakkeen-tayttamista\" target=\"_blank\" rel=\"noreferrer noopener\">Demolomake on avattu \u2013 harjoittele yhteishaun hakulomakkeen t\u00e4ytt\u00e4mist\u00e4<\/a><\/p>\n\n\n\n<h2 class=\"wp-block-heading\">Juho Turri lentopallolinjalta ylioppilaaksi, s\u00e4hk\u00f6asentajaksi ja Mestaruusliigaan<\/h2>\n\n\n\n<figure class=\"wp-block-embed is-type-video is-provider-youtube wp-block-embed-youtube wp-embed-aspect-16-9 wp-has-aspect-ratio\"><div class=\"wp-block-embed__wrapper\">\n<iframe loading=\"lazy\" title=\"VaLePan Juho Turri suoritti kaksoistutkinnon Vammalan lukiossa ja Saskyssa s\u00e4hk\u00f6alaa opiskellen\" width=\"1140\" height=\"641\" src=\"https:\/\/www.youtube.com\/embed\/4x5_wZdQFMo?feature=oembed\" frameborder=\"0\" allow=\"accelerometer; autoplay; clipboard-write; encrypted-media; gyroscope; picture-in-picture; web-share\" referrerpolicy=\"strict-origin-when-cross-origin\" allowfullscreen><\/iframe>\n<\/div><\/figure>\n\n\n\n<p>Vammalan lukion ja Saskyn lentopallolinja tarjoaa Sastamalassa erinomaisen mahdollisuuden yhdist\u00e4\u00e4 toisen asteen opiskelu ja lentopallo. Ensimm\u00e4ist\u00e4 kautta VaLePan liigajoukkueessa pelaava Juho Turri hy\u00f6dynsi tilaisuuden koko skaalan. H\u00e4n valmistui Saskysta s\u00e4hk\u00f6asentajaksi kev\u00e4\u00e4ll\u00e4 2023 ja 5.12.2023 Juho lakitettiin ylioppilaaksi Vammalan lukiosta.&nbsp;<\/p>\n\n\n\n<div class=\"wp-block-buttons is-layout-flex wp-block-buttons-is-layout-flex\">\n<div class=\"wp-block-button is-style-fill\"><a class=\"wp-block-button__link wp-element-button\" href=\"https:\/\/valepa.fi\/junnu\/blog\/2023\/12\/14\/juho-turri-lentopallolinjalta-ylioppilaaksi-sahkoasentajaksi-ja-mestaruusliigaan\/\">Lue lis\u00e4\u00e4 Juhon kokemuksista Lentopallolinjasta <\/a><\/div>\n<\/div>\n","protected":false},"excerpt":{"rendered":"<p>Hae opiskelemaan Lentopallolinjalle Sastamalaan! Lentopallolinjalla yhdist\u00e4t korkealaatuisen lukiokoulutuksen tai ammatillisen koulutuksen ja kehittymisen lentopalloilijana. Linjan opiskelijana voit saada 20 opintopistett\u00e4 tavoitteellisesta harjoittelusta. Lentopallolinjan opiskelijat harjoittelevat tavoitteellisesti kahtena aamuna viikossa VaLePan kotihallissa Vexve areenalla. Laadukkaat aamutreenit luovat edellytykset kehitty\u00e4 urheilijana seuraavalle tasolle. Sastamalassa pystyt suorittamaan toisen asteen opinnot ja yhdist\u00e4m\u00e4\u00e4n harjoittelun. Lentopallolinja tarjoaa mahdollisuuden lentopallon aamuharjoitteluun [&hellip;]<\/p>\n","protected":false},"author":4,"featured_media":0,"parent":0,"menu_order":0,"comment_status":"closed","ping_status":"closed","template":"","meta":{"footnotes":""},"_links":{"self":[{"href":"http:\/\/valepa.fi\/junnu\/wp-json\/wp\/v2\/pages\/1572"}],"collection":[{"href":"http:\/\/valepa.fi\/junnu\/wp-json\/wp\/v2\/pages"}],"about":[{"href":"http:\/\/valepa.fi\/junnu\/wp-json\/wp\/v2\/types\/page"}],"author":[{"embeddable":true,"href":"http:\/\/valepa.fi\/junnu\/wp-json\/wp\/v2\/users\/4"}],"replies":[{"embeddable":true,"href":"http:\/\/valepa.fi\/junnu\/wp-json\/wp\/v2\/comments?post=1572"}],"version-history":[{"count":31,"href":"http:\/\/valepa.fi\/junnu\/wp-json\/wp\/v2\/pages\/1572\/revisions"}],"predecessor-version":[{"id":28909,"href":"http:\/\/valepa.fi\/junnu\/wp-json\/wp\/v2\/pages\/1572\/revisions\/28909"}],"wp:attachment":[{"href":"http:\/\/valepa.fi\/junnu\/wp-json\/wp\/v2\/media?parent=1572"}],"curies":[{"name":"wp","href":"https:\/\/api.w.org\/{rel}","templated":true}]}}