{"id":1873,"date":"2022-02-18T12:49:39","date_gmt":"2022-02-18T10:49:39","guid":{"rendered":"https:\/\/valepa.fi\/junnu\/?page_id=1873"},"modified":"2022-02-18T15:06:50","modified_gmt":"2022-02-18T13:06:50","slug":"lentisleirit","status":"publish","type":"page","link":"http:\/\/valepa.fi\/junnu\/lentisleirit\/","title":{"rendered":"Lentisleirit"},"content":{"rendered":"\n<figure class=\"wp-block-image size-large\"><img decoding=\"async\" loading=\"lazy\" width=\"1024\" height=\"683\" src=\"http:\/\/valepa.fi\/junnu\/wp-content\/uploads\/2022\/02\/lentisleiri2-1024x683.jpeg\" alt=\"\" class=\"wp-image-1875\" srcset=\"http:\/\/valepa.fi\/junnu\/wp-content\/uploads\/2022\/02\/lentisleiri2-1024x683.jpeg 1024w, http:\/\/valepa.fi\/junnu\/wp-content\/uploads\/2022\/02\/lentisleiri2-300x200.jpeg 300w, http:\/\/valepa.fi\/junnu\/wp-content\/uploads\/2022\/02\/lentisleiri2-768x512.jpeg 768w, http:\/\/valepa.fi\/junnu\/wp-content\/uploads\/2022\/02\/lentisleiri2-1536x1024.jpeg 1536w, http:\/\/valepa.fi\/junnu\/wp-content\/uploads\/2022\/02\/lentisleiri2-570x380.jpeg 570w, http:\/\/valepa.fi\/junnu\/wp-content\/uploads\/2022\/02\/lentisleiri2.jpeg 2048w\" sizes=\"(max-width: 1024px) 100vw, 1024px\" \/><\/figure>\n\n\n\n<p>JunnuValepan-leiritoiminta panostaa alakoululaisten leiritoimintaan. Puolip\u00e4iv\u00e4leirit on tarkoitettu F-C -ik\u00e4luokissa harjoitteleville junioreille. <\/p>\n\n\n\n<p>Leireill\u00e4 lapsella on tarjolla useita liikkumisen muotoja. Lentisleirien sis\u00e4ll\u00f6ss\u00e4 korostetaan liikunnan monipuolisuutta pelaten ja leikkien. Ohjelmassa on erilaisia lajia tukevaa aktiviteettia ja iloista ryhm\u00e4toimintaa. Jokaiseen p\u00e4iv\u00e4\u00e4n mahtuu runsaasti lentopalloa.<\/p>\n\n\n\n<p>P\u00e4iv\u00e4 vietet\u00e4\u00e4n p\u00e4\u00e4osin talvisin sis\u00e4ll\u00e4, sek\u00e4 kes\u00e4isin ulkona ja sis\u00e4lt\u00e4\u00e4 kaksi ohjattua liikuntatuokiota. Leirip\u00e4iv\u00e4n\u00e4 on mahdollista l\u00e4mmitt\u00e4\u00e4 oma lounas paikan p\u00e4\u00e4ll\u00e4. Suosittelemme ottamaan v\u00e4lipalaa my\u00f6s mukaan.<\/p>\n\n\n\n<p>JunnuValepa-leireill\u00e4 yhdistyv\u00e4t hauskanpito, harjoittelu ja yhdess\u00e4 tekemisen ilo. Ohjaajina toimivat seuran juniorivalmentajat ja juniorip\u00e4\u00e4llikk\u00f6. Leireill\u00e4 vierailee my\u00f6s Valepan Mestaruusliiga-pelaajia, jotka toimivat my\u00f6s ohjaajina.<\/p>\n\n\n\n<h3 class=\"has-vivid-red-color has-text-color wp-block-heading\">SEURAAVAT LEIRIT<\/h3>\n\n\n\n<p><em>Seuraamme koronatilannetta ja -ohjeistuksia aktiivisesti. T\u00e4ll\u00e4 hetkell\u00e4 rajoitukset eiv\u00e4t est\u00e4 lasten ja nuorten vapaa-ajan toimintaa ja leirien j\u00e4rjest\u00e4mist\u00e4.<\/em><\/p>\n\n\n\n<p>Talviloman leiri viikolla 9, 28.2.-1.3.2022 (kuvattu alla).<br><br>Kes\u00e4n 2022 leirit j\u00e4rjestet\u00e4\u00e4n viikoilla 24-26. Kes\u00e4n leirien tarkemmat tiedot julkaistaan maaliskuussa.<\/p>\n\n\n\n<h3 class=\"has-vivid-red-color has-text-color wp-block-heading\">TALVILOMALEIRI<\/h3>\n\n\n\n<p>8-15-vuotiaille (2014-2007 syntyneet) \/ F-C ik\u00e4luokat<\/p>\n\n\n\n<p><strong>K\u00e4ts\u00e4n Lentisleiri 28.2.-1.3. \/ HAKU AUKI!\u00a0<\/strong><em><a href=\"https:\/\/valepa.myclub.fi\/flow\/events\/3906601\" data-type=\"URL\" data-id=\"https:\/\/valepa.myclub.fi\/flow\/events\/3906601\" target=\"_blank\" rel=\"noreferrer noopener\">Ilmoittaudu MyClubissa<\/a><\/em><br><em>K\u00e4ts\u00e4n koulu, Sastamalankatu 8, 38210, Sastamala<\/em><br>K\u00e4ts\u00e4n leiri on suunnattu lentopalloa harrastaville lapsille. Jokaisena leirip\u00e4iv\u00e4n\u00e4 on JunnuValepan:n osaavien valmentajien vet\u00e4m\u00e4t ohjatut harjoitukset. Harjoituksia ohjaamassa Jarmo Korhonen, Saara Esko, Jani Huoponen ja Mestaruusliiga-pelaajia. <\/p>\n\n\n\n<p>Leiri aikataulu: Ryhm\u00e4t 1 &#8211; F- ja E-ik\u00e4luokat \/ Ryhm\u00e4 2 &#8211; D- ja C-ik\u00e4luokat<\/p>\n\n\n\n<div class=\"wp-block-columns is-layout-flex wp-container-3 wp-block-columns-is-layout-flex\">\n<div class=\"wp-block-column is-layout-flow wp-block-column-is-layout-flow\">\n<p>Maanantai 28.2.2022<\/p>\n\n\n\n<p>10:00- 11:15 Motoriikka \/ Koordinaatio. Ryhm\u00e4t 1&amp;2<\/p>\n\n\n\n<p>Ohjaajat: Jarmo Korhonen + Saara Esko<\/p>\n\n\n\n<p>11:15-12:15 Lounastauko*<\/p>\n\n\n\n<p>12:15-13:30 Ryhm\u00e4 1: Lajiharjoittelu &#8211; Iskuly\u00f6nti + Puolustus<\/p>\n\n\n\n<p>Ohjaajat: Jani Huoponen + Ville J\u00e4rnvall + Raivis Oiguss<\/p>\n\n\n\n<p>12:15-13:30 Ryhm\u00e4 2: Yksil\u00f6- ja Pienryhm\u00e4ty\u00f6: Millainen on hyv\u00e4 joukkuepelaaja ja -henki. <\/p>\n\n\n\n<p>13:30-14:45 Ryhm\u00e4 2: Lajiharjoittelu &#8211; Iskuly\u00f6nti + Puolustus<\/p>\n\n\n\n<p>*paikan p\u00e4\u00e4ll\u00e4 mahdollisuus l\u00e4mmitt\u00e4\u00e4 ruoka<\/p>\n<\/div>\n\n\n\n<div class=\"wp-block-column is-layout-flow wp-block-column-is-layout-flow\">\n<p>Tiistai 1.3.2022<\/p>\n\n\n\n<p>10:00-11:15 Motoriikka \/ Koordinaatio. Ryhm\u00e4t 1&amp;2<\/p>\n\n\n\n<p>Ohjaajat: Jarmo Korhonen<\/p>\n\n\n\n<p>11:15-12:15 Lounastauko<\/p>\n\n\n\n<p>12:15-13:30 Ryhm\u00e4 1: Lajiharjoittelu &#8211; Ala- ja Yl\u00e4kauttasy\u00f6tt\u00f6 + Vastaanotto<\/p>\n\n\n\n<p>Ohjaajat: Jani Huoponen + Mestaruusliiga-pelaajia<\/p>\n\n\n\n<p>12:15-13:30 Ryhm\u00e4 2: Yksil\u00f6- ja Pienryhm\u00e4ty\u00f6: Tavoitteet ja miten sinne p\u00e4\u00e4st\u00e4\u00e4n.<\/p>\n\n\n\n<p>13:30-14:45 Ryhm\u00e4 2: Lajiharjoittelu &#8211; Hyppyy\u00f6tt\u00f6 + Vastaanotto<\/p>\n<\/div>\n<\/div>\n\n\n\n<h3 class=\"has-vivid-red-color has-text-color wp-block-heading\">HINTA<\/h3>\n\n\n\n<p>Talvilomaleiri on maksuton.<\/p>\n\n\n\n<p><\/p>\n\n\n\n<h3 class=\"has-vivid-red-color has-text-color wp-block-heading\">ILMOITTAUTUMINEN<\/h3>\n\n\n\n<p>Ilmoittautuminen t\u00e4\u00e4lt\u00e4!<\/p>\n\n\n\n<p>Seuraamme tarkasti viranomaisohjeita ja epidemiatilanteen kehittymist\u00e4. Tilanteen muuttuessa muutokset my\u00f6s ilmoittautumisajankohtaan ja leireihin ovat mahdollisia. Minimim\u00e4\u00e4r\u00e4 osallistujia on 5, jotta toiminta j\u00e4rjestet\u00e4\u00e4n.<\/p>\n\n\n\n<p><\/p>\n","protected":false},"excerpt":{"rendered":"<p>JunnuValepan-leiritoiminta panostaa alakoululaisten leiritoimintaan. Puolip\u00e4iv\u00e4leirit on tarkoitettu F-C -ik\u00e4luokissa harjoitteleville junioreille. Leireill\u00e4 lapsella on tarjolla useita liikkumisen muotoja. Lentisleirien sis\u00e4ll\u00f6ss\u00e4 korostetaan liikunnan monipuolisuutta pelaten ja leikkien. Ohjelmassa on erilaisia lajia tukevaa aktiviteettia ja iloista ryhm\u00e4toimintaa. Jokaiseen p\u00e4iv\u00e4\u00e4n mahtuu runsaasti lentopalloa. P\u00e4iv\u00e4 vietet\u00e4\u00e4n p\u00e4\u00e4osin talvisin sis\u00e4ll\u00e4, sek\u00e4 kes\u00e4isin ulkona ja sis\u00e4lt\u00e4\u00e4 kaksi ohjattua liikuntatuokiota. Leirip\u00e4iv\u00e4n\u00e4 on [&hellip;]<\/p>\n","protected":false},"author":4,"featured_media":1875,"parent":0,"menu_order":0,"comment_status":"closed","ping_status":"closed","template":"","meta":{"footnotes":""},"_links":{"self":[{"href":"http:\/\/valepa.fi\/junnu\/wp-json\/wp\/v2\/pages\/1873"}],"collection":[{"href":"http:\/\/valepa.fi\/junnu\/wp-json\/wp\/v2\/pages"}],"about":[{"href":"http:\/\/valepa.fi\/junnu\/wp-json\/wp\/v2\/types\/page"}],"author":[{"embeddable":true,"href":"http:\/\/valepa.fi\/junnu\/wp-json\/wp\/v2\/users\/4"}],"replies":[{"embeddable":true,"href":"http:\/\/valepa.fi\/junnu\/wp-json\/wp\/v2\/comments?post=1873"}],"version-history":[{"count":5,"href":"http:\/\/valepa.fi\/junnu\/wp-json\/wp\/v2\/pages\/1873\/revisions"}],"predecessor-version":[{"id":1895,"href":"http:\/\/valepa.fi\/junnu\/wp-json\/wp\/v2\/pages\/1873\/revisions\/1895"}],"wp:featuredmedia":[{"embeddable":true,"href":"http:\/\/valepa.fi\/junnu\/wp-json\/wp\/v2\/media\/1875"}],"wp:attachment":[{"href":"http:\/\/valepa.fi\/junnu\/wp-json\/wp\/v2\/media?parent=1873"}],"curies":[{"name":"wp","href":"https:\/\/api.w.org\/{rel}","templated":true}]}}