{"id":260,"date":"2020-12-28T18:19:11","date_gmt":"2020-12-28T16:19:11","guid":{"rendered":"http:\/\/valepa.fi\/junnu\/?page_id=260"},"modified":"2025-12-16T10:09:20","modified_gmt":"2025-12-16T08:09:20","slug":"a-pojat-mustang","status":"publish","type":"page","link":"http:\/\/valepa.fi\/junnu\/a-pojat-mustang\/","title":{"rendered":"A-pojat 06-08 Mustang"},"content":{"rendered":"\n<figure class=\"wp-block-image size-full\"><img decoding=\"async\" loading=\"lazy\" width=\"1024\" height=\"576\" src=\"http:\/\/valepa.fi\/junnu\/wp-content\/uploads\/2025\/11\/A_pojat_DSC03755_Jaakko_Pirttikoski.jpg\" alt=\"\" class=\"wp-image-28783\" srcset=\"http:\/\/valepa.fi\/junnu\/wp-content\/uploads\/2025\/11\/A_pojat_DSC03755_Jaakko_Pirttikoski.jpg 1024w, http:\/\/valepa.fi\/junnu\/wp-content\/uploads\/2025\/11\/A_pojat_DSC03755_Jaakko_Pirttikoski-300x169.jpg 300w, http:\/\/valepa.fi\/junnu\/wp-content\/uploads\/2025\/11\/A_pojat_DSC03755_Jaakko_Pirttikoski-768x432.jpg 768w, http:\/\/valepa.fi\/junnu\/wp-content\/uploads\/2025\/11\/A_pojat_DSC03755_Jaakko_Pirttikoski-570x321.jpg 570w, http:\/\/valepa.fi\/junnu\/wp-content\/uploads\/2025\/11\/A_pojat_DSC03755_Jaakko_Pirttikoski-528x297.jpg 528w\" sizes=\"(max-width: 1024px) 100vw, 1024px\" \/><figcaption class=\"wp-element-caption\">Kuvassa vasemmalta Heikki Holma, Veeti Esko, Veeti Hiitti, Jerry Rainio, Ville Vihakas, Veikka Vieras, Anselmi Ryypp\u00e4, Mikael Kulku, Veeti Vikstr\u00f6m, Martti Talvia ja Otto Mikkola sek\u00e4 huoltaja Jami Pajunoja ja valmentaja Teemu Ryypp\u00e4. Kuvasta puuttuvat Matti Maijala, Ville Vainio, Niklas Bj\u00f6rlin ja Samu S\u00f6derlund.<\/figcaption><\/figure>\n\n\n\n<p>A-pojat pelaavat U20 SM-sarjaa 15 pelaajan voimin. Moni j\u00e4tk\u00e4 pelaa useammassa joukkueessa eli edustusta on B-pojissa, A-pojissa, miesten 2-sarjassa ja liigajoukkueessa. Valmennuksesta vastaa Teemu Ryypp\u00e4 ja treenej\u00e4 vet\u00e4\u00e4 paljon my\u00f6s Tuomas Tihum\u00e4ki, huollossa Jami Pajunoja ja joukkueenjohtaja Leena Iso-Ketola-Ryypp\u00e4 sek\u00e4 rahastonhoitajana Fanny Hiitti.<\/p>\n\n\n\n<p><strong>Mik\u00e4 joukkueessa on parasta:<\/strong><br>Hieno monesta nuoresta miehen alusta koostuva yhten\u00e4inen porukka t\u00e4ynn\u00e4 taitavia pelaajia ja mukavia ihmisi\u00e4.<\/p>\n\n\n\n<p><strong>Kerro joukkueesta jotakin, jota muut eiv\u00e4t tied\u00e4: <\/strong><br>Ollaan aina niin fiksusti, ett\u00e4 ei oo salaisuuksia.<\/p>\n\n\n\n<p><\/p>\n\n\n\n<h2 class=\"wp-block-heading\">Harjoitukset 2025-2026<\/h2>\n\n\n\n<p>Ma 19.30-21.30\u200b\u200b\u200b Varelius<br>To 19:30-21.00 Varelius<br>Pe 16.00-17.30\u200b\u200b Sylv\u00e4\u00e4<br>Lentopallolinja<\/p>\n\n\n\n<p><strong>Valmentaja<\/strong>t:<br>Teemu Ryypp\u00e4 p. 045 3230 728<br>Tuomas Tihum\u00e4ki<\/p>\n\n\n\n<p><strong>Joukkueenjohtaja:<br><\/strong>Leena Iso-Ketola-Ryypp\u00e4 p. 050 5058252<br><br><strong>Rahastonhoitajat:<br><\/strong>Fanny Hiitti<\/p>\n","protected":false},"excerpt":{"rendered":"<p>A-pojat pelaavat U20 SM-sarjaa 15 pelaajan voimin. Moni j\u00e4tk\u00e4 pelaa useammassa joukkueessa eli edustusta on B-pojissa, A-pojissa, miesten 2-sarjassa ja liigajoukkueessa. Valmennuksesta vastaa Teemu Ryypp\u00e4 ja treenej\u00e4 vet\u00e4\u00e4 paljon my\u00f6s Tuomas Tihum\u00e4ki, huollossa Jami Pajunoja ja joukkueenjohtaja Leena Iso-Ketola-Ryypp\u00e4 sek\u00e4 rahastonhoitajana Fanny Hiitti. Mik\u00e4 joukkueessa on parasta:Hieno monesta nuoresta miehen alusta koostuva yhten\u00e4inen porukka t\u00e4ynn\u00e4 [&hellip;]<\/p>\n","protected":false},"author":1,"featured_media":28783,"parent":0,"menu_order":0,"comment_status":"closed","ping_status":"closed","template":"","meta":{"footnotes":""},"_links":{"self":[{"href":"http:\/\/valepa.fi\/junnu\/wp-json\/wp\/v2\/pages\/260"}],"collection":[{"href":"http:\/\/valepa.fi\/junnu\/wp-json\/wp\/v2\/pages"}],"about":[{"href":"http:\/\/valepa.fi\/junnu\/wp-json\/wp\/v2\/types\/page"}],"author":[{"embeddable":true,"href":"http:\/\/valepa.fi\/junnu\/wp-json\/wp\/v2\/users\/1"}],"replies":[{"embeddable":true,"href":"http:\/\/valepa.fi\/junnu\/wp-json\/wp\/v2\/comments?post=260"}],"version-history":[{"count":21,"href":"http:\/\/valepa.fi\/junnu\/wp-json\/wp\/v2\/pages\/260\/revisions"}],"predecessor-version":[{"id":28807,"href":"http:\/\/valepa.fi\/junnu\/wp-json\/wp\/v2\/pages\/260\/revisions\/28807"}],"wp:featuredmedia":[{"embeddable":true,"href":"http:\/\/valepa.fi\/junnu\/wp-json\/wp\/v2\/media\/28783"}],"wp:attachment":[{"href":"http:\/\/valepa.fi\/junnu\/wp-json\/wp\/v2\/media?parent=260"}],"curies":[{"name":"wp","href":"https:\/\/api.w.org\/{rel}","templated":true}]}}