{"id":28545,"date":"2025-08-06T15:19:24","date_gmt":"2025-08-06T12:19:24","guid":{"rendered":"http:\/\/valepa.fi\/junnu\/?page_id=28545"},"modified":"2025-11-18T14:49:46","modified_gmt":"2025-11-18T12:49:46","slug":"f-tytot","status":"publish","type":"page","link":"http:\/\/valepa.fi\/junnu\/f-tytot\/","title":{"rendered":"F-tyt\u00f6t 17-18 Connect"},"content":{"rendered":"\n<figure class=\"wp-block-image size-full\"><img decoding=\"async\" loading=\"lazy\" width=\"1024\" height=\"576\" src=\"http:\/\/valepa.fi\/junnu\/wp-content\/uploads\/2025\/11\/F-tytot_DSC02851_Jaakko_Pirttikoski.jpg\" alt=\"\" class=\"wp-image-28785\" srcset=\"http:\/\/valepa.fi\/junnu\/wp-content\/uploads\/2025\/11\/F-tytot_DSC02851_Jaakko_Pirttikoski.jpg 1024w, http:\/\/valepa.fi\/junnu\/wp-content\/uploads\/2025\/11\/F-tytot_DSC02851_Jaakko_Pirttikoski-300x169.jpg 300w, http:\/\/valepa.fi\/junnu\/wp-content\/uploads\/2025\/11\/F-tytot_DSC02851_Jaakko_Pirttikoski-768x432.jpg 768w, http:\/\/valepa.fi\/junnu\/wp-content\/uploads\/2025\/11\/F-tytot_DSC02851_Jaakko_Pirttikoski-570x321.jpg 570w, http:\/\/valepa.fi\/junnu\/wp-content\/uploads\/2025\/11\/F-tytot_DSC02851_Jaakko_Pirttikoski-528x297.jpg 528w\" sizes=\"(max-width: 1024px) 100vw, 1024px\" \/><figcaption class=\"wp-element-caption\">Kuvassa Enni Jokinen, Elsa Murtonen, Justiina Krigsman, Anni Set\u00e4l\u00e4, Maisa Kanerva, Julia Virtanen, Vilja Marttila, Iiris H\u00e4lli, Emmi Kulku, sek\u00e4 valmentajat Vilja-Lotta Vainiola ja Ella D\u00f6rig.\u00a0Kuvasta puuttuu joukkueenjohtaja Hanna Vuorinen.<\/figcaption><\/figure>\n\n\n\n<p>F-tytt\u00f6jen joukkueessa innokkaita palloilijoita. Treeneiss\u00e4 liikutaan paljon ja pallokosketuksia kertyy runsaasti. Hieno piirre joukkueessa on tarkkaavaisuus ja keskittyminen jokaiseen suoritukseen.<\/p>\n\n\n\n<p><strong>Mik\u00e4 joukkueessa on parasta: <\/strong><br>Pelaajilla riitt\u00e4\u00e4 energiaa ja innokkaasti opettelevat uusia taitoja.<\/p>\n\n\n\n<p><\/p>\n\n\n\n<h2 class=\"wp-block-heading\">Harjoitukset 2025-2026<\/h2>\n\n\n\n<p>Ti 18.00-19.00\u200b K\u00e4ts\u00e4<\/p>\n\n\n\n<p><strong>Valmentajat:<br><\/strong>Vilja-Lotta Vainiola p. 045 1754 114<br>Ella D\u00f6rig<\/p>\n\n\n\n<p><strong>Joukkueenjohtaja:<\/strong><br>Hanna Vuorinen p.  050 342 4903<\/p>\n","protected":false},"excerpt":{"rendered":"<p>F-tytt\u00f6jen joukkueessa innokkaita palloilijoita. Treeneiss\u00e4 liikutaan paljon ja pallokosketuksia kertyy runsaasti. Hieno piirre joukkueessa on tarkkaavaisuus ja keskittyminen jokaiseen suoritukseen. Mik\u00e4 joukkueessa on parasta: Pelaajilla riitt\u00e4\u00e4 energiaa ja innokkaasti opettelevat uusia taitoja. Harjoitukset 2025-2026 Ti 18.00-19.00\u200b K\u00e4ts\u00e4 Valmentajat:Vilja-Lotta Vainiola p. 045 1754 114Ella D\u00f6rig Joukkueenjohtaja:Hanna Vuorinen p. 050 342 4903<\/p>\n","protected":false},"author":3,"featured_media":28785,"parent":0,"menu_order":0,"comment_status":"closed","ping_status":"closed","template":"","meta":{"footnotes":""},"_links":{"self":[{"href":"http:\/\/valepa.fi\/junnu\/wp-json\/wp\/v2\/pages\/28545"}],"collection":[{"href":"http:\/\/valepa.fi\/junnu\/wp-json\/wp\/v2\/pages"}],"about":[{"href":"http:\/\/valepa.fi\/junnu\/wp-json\/wp\/v2\/types\/page"}],"author":[{"embeddable":true,"href":"http:\/\/valepa.fi\/junnu\/wp-json\/wp\/v2\/users\/3"}],"replies":[{"embeddable":true,"href":"http:\/\/valepa.fi\/junnu\/wp-json\/wp\/v2\/comments?post=28545"}],"version-history":[{"count":3,"href":"http:\/\/valepa.fi\/junnu\/wp-json\/wp\/v2\/pages\/28545\/revisions"}],"predecessor-version":[{"id":28832,"href":"http:\/\/valepa.fi\/junnu\/wp-json\/wp\/v2\/pages\/28545\/revisions\/28832"}],"wp:featuredmedia":[{"embeddable":true,"href":"http:\/\/valepa.fi\/junnu\/wp-json\/wp\/v2\/media\/28785"}],"wp:attachment":[{"href":"http:\/\/valepa.fi\/junnu\/wp-json\/wp\/v2\/media?parent=28545"}],"curies":[{"name":"wp","href":"https:\/\/api.w.org\/{rel}","templated":true}]}}